{"id":12473,"date":"2023-08-16T15:43:23","date_gmt":"2023-08-16T18:43:23","guid":{"rendered":"https:\/\/abifa.org.br\/site\/?page_id=12473"},"modified":"2023-11-09T10:20:38","modified_gmt":"2023-11-09T13:20:38","slug":"sobre-a-abifa","status":"publish","type":"page","link":"https:\/\/abifa.org.br\/site\/sobre-a-abifa\/","title":{"rendered":"Sobre a Abifa"},"content":{"rendered":"\t\t<div data-elementor-type=\"wp-page\" data-elementor-id=\"12473\" class=\"elementor elementor-12473\" data-elementor-post-type=\"page\">\n\t\t\t\t\t\t<section class=\"elementor-section elementor-top-section elementor-element elementor-element-65dee0a elementor-section-boxed elementor-section-height-default elementor-section-height-default\" data-id=\"65dee0a\" data-element_type=\"section\">\n\t\t\t\t\t\t<div class=\"elementor-container elementor-column-gap-default\">\n\t\t\t\t\t<div class=\"elementor-column elementor-col-100 elementor-top-column elementor-element elementor-element-ef2c264\" data-id=\"ef2c264\" data-element_type=\"column\">\n\t\t\t<div class=\"elementor-widget-wrap elementor-element-populated\">\n\t\t\t\t\t\t<div class=\"elementor-element elementor-element-46cbb06 elementor-widget elementor-widget-text-editor\" data-id=\"46cbb06\" data-element_type=\"widget\" data-widget_type=\"text-editor.default\">\n\t\t\t\t<div class=\"elementor-widget-container\">\n\t\t\t\t\t\t\t\t\t<p style=\"font-weight: 400;\">A ABIFA \u2013 Associa\u00e7\u00e3o Brasileira de Fundi\u00e7\u00e3o \u00e9 a entidade representativa do setor desde 1969. A entidade compromete-se com o desenvolvimento das empresas de fundi\u00e7\u00e3o em todo o territ\u00f3rio nacional, intercedendo junto a \u00f3rg\u00e3os do governo em prol de pol\u00edticas econ\u00f4micas e sociais que favore\u00e7am toda a cadeia de fundi\u00e7\u00e3o. Para a promo\u00e7\u00e3o do desenvolvimento t\u00e9cnico e comercial do setor, mant\u00e9m um estreito relacionamento com c\u00e2maras setoriais e entidades de classe que representam os interesses dos potenciais compradores de fundidos no Brasil e no exterior, sendo inclusive uma das associadas \u00e0 BRICS Foundry Association \u2013 BFA.<\/p><p style=\"font-weight: 400;\"><strong>A\u00c7\u00d5ES INSTITUCIONAIS<\/strong><\/p><p style=\"font-weight: 400;\">Entre as atividades da ABIFA em prol da ind\u00fastria brasileira de fundi\u00e7\u00e3o, destacam-se:<\/p><ul style=\"font-weight: 400;\"><li>Defesa do meio ambiente com a promo\u00e7\u00e3o de discuss\u00f5es pol\u00edticas, desenvolvimento de normas e estreito relacionamento com \u00f3rg\u00e3os ambientais de interesse das fundi\u00e7\u00f5es, a exemplo do CONAMA, IBAMA, CETESB, \u00f3rg\u00e3os ambientais estaduais, Secretarias Municipais, Pol\u00edcia Ambiental e Minist\u00e9rio P\u00fablico.<\/li><li>Defesa do setor junto ao governo, com contesta\u00e7\u00f5es de pre\u00e7os administrados, como \u00e9 o caso da energia el\u00e9trica.<\/li><li>Reivindica\u00e7\u00e3o de uma pol\u00edtica industrial setorial.<\/li><li>Defesa de isonomia para o setor de fundi\u00e7\u00e3o e reivindica\u00e7\u00e3o de benef\u00edcios concedidos aos demais segmentos da cadeia produtiva.<\/li><li>Isonomia normativa para os produtos fundidos junto aos pa\u00edses do Mercosul.<\/li><li>Pleitos tribut\u00e1rios e fiscais junto a Minist\u00e9rios e ao Congresso Nacional.<\/li><li>Por meio do SIFESP &#8211; Sindicato da Ind\u00fastria de Fundi\u00e7\u00e3o no Estado de S\u00e3o Paulo, atua na negocia\u00e7\u00e3o salarial de acordos trabalhistas com as centrais sindicais dos metal\u00fargicos.<\/li><li>Empresas de S\u00e3o Paulo associadas ao SIFESP podem se beneficiar das a\u00e7\u00f5es, eventos e parcerias da FIESP.<\/li><\/ul><p style=\"font-weight: 400;\"><strong>\u00c1REA T\u00c9CNICA<\/strong><\/p><p style=\"font-weight: 400;\">Para atender \u00e0s quest\u00f5es t\u00e9cnicas de suas Associadas, a ABIFA:<\/p><ul style=\"font-weight: 400;\"><li>Mant\u00e9m conv\u00eanios com o IPT \u2013 Instituto de Pesquisas Tecnol\u00f3gicas e com o SENAI \u2013 Servi\u00e7o Nacional de Aprendizagem Nacional; institui\u00e7\u00f5es especializadas e capazes de esclarecer d\u00favidas de alto cunho tecnol\u00f3gico pertinentes \u00e0 ind\u00fastria de fundi\u00e7\u00e3o.<\/li><li>Promove a sinergia entre as suas Associadas, com vistas a dirimir d\u00favidas t\u00e9cnicas referentes \u00e0 produ\u00e7\u00e3o de fundidos.<\/li><li>Organiza o CONAF \u2013 Congresso ABIFA de Fundi\u00e7\u00e3o.<\/li><li>Promove reuni\u00f5es mensais sobre inova\u00e7\u00e3o e tecnologia.<\/li><li>Atende a consultas de suas Associadas.<\/li><li>Publica cadernos t\u00e9cnicos mensalmente na revista Fundi\u00e7\u00e3o &amp; Mat\u00e9rias-Primas, seu ve\u00edculo pr\u00f3prio de comunica\u00e7\u00e3o.<\/li><li>Participa de eventos com entidades da cadeia produtiva, debatendo assuntos diversos de interesses das suas Associadas.<\/li><\/ul><p style=\"font-weight: 400;\"><strong>\u00c1REA JUR\u00cdDICA<\/strong><\/p><p style=\"font-weight: 400;\">A ABIFA oferece orienta\u00e7\u00e3o jur\u00eddica e trabalhista \u00e0s suas Associadas, contando com um corpo de advogados experientes, que h\u00e1 anos realizam trabalhos voltados ao setor de fundi\u00e7\u00e3o. A entidade tamb\u00e9m:<\/p><ul style=\"font-weight: 400;\"><li>Participa da Comiss\u00e3o de RH\/Rela\u00e7\u00f5es Trabalhistas, via SIFESP.<\/li><li>Organiza mandados de seguran\u00e7a coletivos, para combater abusos e defender os direitos do setor de fundi\u00e7\u00e3o.<\/li><li>Durante todo o ano, promove negocia\u00e7\u00f5es sindicais com os sindicatos dos trabalhadores do pa\u00eds, visando \u00e0 prepara\u00e7\u00e3o da pauta de Negocia\u00e7\u00e3o Coletiva, que culmina no acordo coletivo de trabalho, dando suporte \u00e0s empresas Associadas com dificuldades de seguir a Conven\u00e7\u00e3o.<\/li><li>Organiza e participa da an\u00e1lise de assuntos regulat\u00f3rios (contratos, abuso do poder econ\u00f4mico, <em>dumping<\/em>), por meio de suas Comiss\u00f5es ou Grupos de Trabalho.<\/li><\/ul><p style=\"font-weight: 400;\">Acompanha e divulga mudan\u00e7as de normas, leis e decretos que afetam direta ou indiretamente o setor de fundi\u00e7\u00e3o.<\/p><p style=\"font-weight: 400;\"><strong>NEG\u00d3CIOS INTERNACIONAIS<\/strong><\/p><p style=\"font-weight: 400;\">Do ponto de vista internacional, a ABIFA:<\/p><ul style=\"font-weight: 400;\"><li>Monitora o com\u00e9rcio exterior e promove a defesa comercial da ind\u00fastria brasileira de fundi\u00e7\u00e3o.<\/li><li>Organizar miss\u00f5es visando \u00e0 participa\u00e7\u00e3o das suas Associadas em feiras, congressos, f\u00f3runs e semin\u00e1rios internacionais, com taxas reduzidas de inscri\u00e7\u00e3o e suporte log\u00edstico e de hospedagem.<\/li><li>Interage com Associa\u00e7\u00f5es mundiais, para a troca de informa\u00e7\u00f5es de mercado, tecnologias, tend\u00eancias, custos de produ\u00e7\u00e3o e subs\u00eddios.<\/li><li>Integra a BRICS Foundry Association, uma organiza\u00e7\u00e3o associativa voltada \u00e0 troca de experi\u00eancias e apura\u00e7\u00e3o da competitividade do setor de fundi\u00e7\u00e3o dos pa\u00edses dos BRICS.<\/li><li>Participa de f\u00f3runs mundiais pertinentes ao setor de fundi\u00e7\u00e3o, para conhecimento e troca de informa\u00e7\u00f5es de mercado, tecnologias, tend\u00eancias, custos de produ\u00e7\u00e3o, subs\u00eddios etc.<\/li><\/ul><p style=\"font-weight: 400;\"><strong>MARKETING E EVENTOS<\/strong><\/p><p style=\"font-weight: 400;\">A ABIFA organiza e promove as seguintes a\u00e7\u00f5es e eventos:<\/p><ul style=\"font-weight: 400;\"><li>FENAF \u2013 Feira Latino-Americana de Fundi\u00e7\u00e3o, realizada a cada dois anos. As Associadas ABIFA t\u00eam desconto no valor do \u201cch\u00e3o da feira\u201d.<\/li><li>CONAF \u2013 Congresso ABIFA de Fundi\u00e7\u00e3o, realizado paralelamente \u00e0 FENAF. As empresas Associadas \u00e0 entidade t\u00eam desconto na participa\u00e7\u00e3o do evento.<\/li><li>Palestras, cursos e workshops, com temas relevantes e de interesse do setor. As empresas Associadas t\u00eam valor diferenciado na participa\u00e7\u00e3o desses eventos.<\/li><li>Projeto Apoiador \u2013 Para a divulga\u00e7\u00e3o da sua marca nos eventos da ABIFA, \u00e9 cedido um espa\u00e7o f\u00edsico para a coloca\u00e7\u00e3o de seu banner e\/ou um per\u00edodo para a apresenta\u00e7\u00e3o da empresa. As empresas Associadas t\u00eam valor diferenciado nesta a\u00e7\u00e3o.<\/li><li>Site da ABIFA \u2013 Neste espa\u00e7o, as Associadas podem enviar sugest\u00f5es de not\u00edcias a serem publicadas, al\u00e9m de divulgar os seus eventos. Em <a href=\"https:\/\/www.abifa.org.br\/\">https:\/\/www.abifa.org.br\/<\/a>, a Associada tamb\u00e9m tem acesso a estudos de mercado e \u00edndices do setor, podendo inclusive divulgar a sua empresa por meio de an\u00fancios com pre\u00e7os diferenciados.<\/li><li>Espa\u00e7o ABIFA \u2013 As depend\u00eancias da entidade, localizada no centro financeiro de S\u00e3o Paulo, s\u00e3o colocadas \u00e0 disposi\u00e7\u00e3o das Associadas para a realiza\u00e7\u00e3o de reuni\u00f5es e eventos.<\/li><\/ul><p style=\"font-weight: 400;\"><strong>COMUNICA\u00c7\u00c3O<\/strong><\/p><p style=\"font-weight: 400;\">A ABIFA conta com um departamento de comunica\u00e7\u00e3o, que elabora mat\u00e9rias e releases sobre assuntos correlatos \u00e0 ind\u00fastria de fundi\u00e7\u00e3o, os quais s\u00e3o divulgados em seu site (https:\/\/www.abifa.org.br\/) e nos principais ve\u00edculos e portais de not\u00edcias t\u00e9cnicas do Brasil.<\/p><p style=\"font-weight: 400;\"><strong>Revista Fundi\u00e7\u00e3o &amp; Mat\u00e9rias-Primas<\/strong><\/p><p style=\"font-weight: 400;\">Trata-se da revista oficial da ABIFA, com periodicidade mensal. A publica\u00e7\u00e3o \u00e9 exclusivamente digital, sendo divulgada via duas Newsletters mensais a todo o mailing da entidade, al\u00e9m de postagens nas m\u00eddias sociais da entidade (FaceBook, Instagram, LinkedIn), grupos de WhatsApp e Telegram.<\/p><p style=\"font-weight: 400;\">Aborda informa\u00e7\u00f5es sobre o mercado brasileiro de fundi\u00e7\u00e3o de metais ferrosos, n\u00e3o ferrosos e seus fornecedores; a\u00e7\u00f5es da Apex-Brasil \u2013 Ag\u00eancia Brasileira de Promo\u00e7\u00e3o de Exporta\u00e7\u00f5es e Investimentos; novidades da ABNT \u2013 Associa\u00e7\u00e3o Brasileira de Normas T\u00e9cnicas; artigos t\u00e9cnicos; E-books setoriais; lan\u00e7amentos de produtos e equipamentos; divulga\u00e7\u00e3o da atua\u00e7\u00e3o das Associadas ABIFA e cobertura de feiras e eventos nacionais e internacionais: FENAF\u2502CONAF (S\u00e3o Paulo \u2013 SP), METALURGIA\u2502 CINTEC (Joinville \u2013 SC), GIFA e NEWCAST (Alemanha).<\/p>\t\t\t\t\t\t\t\t<\/div>\n\t\t\t\t<\/div>\n\t\t\t\t\t<\/div>\n\t\t<\/div>\n\t\t\t\t\t<\/div>\n\t\t<\/section>\n\t\t\t\t<\/div>\n\t\t","protected":false},"excerpt":{"rendered":"<p>A ABIFA \u2013 Associa\u00e7\u00e3o Brasileira de Fundi\u00e7\u00e3o \u00e9 a entidade&hellip;<\/p>\n<p> <a class=\"more-link\" href=\"https:\/\/abifa.org.br\/site\/sobre-a-abifa\/\">Leia mais<\/a><\/p>\n","protected":false},"author":1,"featured_media":0,"parent":0,"menu_order":0,"comment_status":"closed","ping_status":"closed","template":"","meta":{"_acf_changed":false,"om_disable_all_campaigns":false,"_uf_show_specific_survey":0,"_uf_disable_surveys":false,"footnotes":""},"class_list":["post-12473","page","type-page","status-publish"],"acf":[],"yoast_head":"<!-- This site is optimized with the Yoast SEO Premium plugin v26.1 (Yoast SEO v26.1) - https:\/\/yoast.com\/wordpress\/plugins\/seo\/ -->\n<title>Sobre a Abifa - ABIFA<\/title>\n<meta name=\"robots\" content=\"index, follow, max-snippet:-1, max-image-preview:large, max-video-preview:-1\" \/>\n<link rel=\"canonical\" href=\"https:\/\/abifa.org.br\/site\/sobre-a-abifa\/\" \/>\n<meta property=\"og:locale\" content=\"pt_BR\" \/>\n<meta property=\"og:type\" content=\"article\" \/>\n<meta property=\"og:title\" content=\"Sobre a Abifa\" \/>\n<meta property=\"og:description\" content=\"A ABIFA \u2013 Associa\u00e7\u00e3o Brasileira de Fundi\u00e7\u00e3o \u00e9 a entidade&hellip;  Leia mais\" \/>\n<meta property=\"og:url\" content=\"https:\/\/abifa.org.br\/site\/sobre-a-abifa\/\" \/>\n<meta property=\"og:site_name\" content=\"ABIFA\" \/>\n<meta property=\"article:modified_time\" content=\"2023-11-09T13:20:38+00:00\" \/>\n<meta name=\"twitter:card\" content=\"summary_large_image\" \/>\n<meta name=\"twitter:label1\" content=\"Est. tempo de leitura\" \/>\n\t<meta name=\"twitter:data1\" content=\"6 minutos\" \/>\n<script type=\"application\/ld+json\" class=\"yoast-schema-graph\">{\"@context\":\"https:\/\/schema.org\",\"@graph\":[{\"@type\":\"WebPage\",\"@id\":\"https:\/\/abifa.org.br\/site\/sobre-a-abifa\/\",\"url\":\"https:\/\/abifa.org.br\/site\/sobre-a-abifa\/\",\"name\":\"Sobre a Abifa - ABIFA\",\"isPartOf\":{\"@id\":\"https:\/\/abifa.org.br\/site\/#website\"},\"datePublished\":\"2023-08-16T18:43:23+00:00\",\"dateModified\":\"2023-11-09T13:20:38+00:00\",\"breadcrumb\":{\"@id\":\"https:\/\/abifa.org.br\/site\/sobre-a-abifa\/#breadcrumb\"},\"inLanguage\":\"pt-BR\",\"potentialAction\":[{\"@type\":\"ReadAction\",\"target\":[\"https:\/\/abifa.org.br\/site\/sobre-a-abifa\/\"]}]},{\"@type\":\"BreadcrumbList\",\"@id\":\"https:\/\/abifa.org.br\/site\/sobre-a-abifa\/#breadcrumb\",\"itemListElement\":[{\"@type\":\"ListItem\",\"position\":1,\"name\":\"In\u00edcio\",\"item\":\"https:\/\/abifa.org.br\/site\/\"},{\"@type\":\"ListItem\",\"position\":2,\"name\":\"Sobre a Abifa\"}]},{\"@type\":\"WebSite\",\"@id\":\"https:\/\/abifa.org.br\/site\/#website\",\"url\":\"https:\/\/abifa.org.br\/site\/\",\"name\":\"ABIFA\",\"description\":\"\",\"publisher\":{\"@id\":\"https:\/\/abifa.org.br\/site\/#organization\"},\"potentialAction\":[{\"@type\":\"SearchAction\",\"target\":{\"@type\":\"EntryPoint\",\"urlTemplate\":\"https:\/\/abifa.org.br\/site\/?s={search_term_string}\"},\"query-input\":{\"@type\":\"PropertyValueSpecification\",\"valueRequired\":true,\"valueName\":\"search_term_string\"}}],\"inLanguage\":\"pt-BR\"},{\"@type\":\"Organization\",\"@id\":\"https:\/\/abifa.org.br\/site\/#organization\",\"name\":\"ABIFA\",\"url\":\"https:\/\/abifa.org.br\/site\/\",\"logo\":{\"@type\":\"ImageObject\",\"inLanguage\":\"pt-BR\",\"@id\":\"https:\/\/abifa.org.br\/site\/#\/schema\/logo\/image\/\",\"url\":\"https:\/\/abifa.org.br\/site\/wp-content\/uploads\/2022\/11\/cropped-logo_abifa.png\",\"contentUrl\":\"https:\/\/abifa.org.br\/site\/wp-content\/uploads\/2022\/11\/cropped-logo_abifa.png\",\"width\":250,\"height\":116,\"caption\":\"ABIFA\"},\"image\":{\"@id\":\"https:\/\/abifa.org.br\/site\/#\/schema\/logo\/image\/\"}}]}<\/script>\n<!-- \/ Yoast SEO Premium plugin. -->","yoast_head_json":{"title":"Sobre a Abifa - ABIFA","robots":{"index":"index","follow":"follow","max-snippet":"max-snippet:-1","max-image-preview":"max-image-preview:large","max-video-preview":"max-video-preview:-1"},"canonical":"https:\/\/abifa.org.br\/site\/sobre-a-abifa\/","og_locale":"pt_BR","og_type":"article","og_title":"Sobre a Abifa","og_description":"A ABIFA \u2013 Associa\u00e7\u00e3o Brasileira de Fundi\u00e7\u00e3o \u00e9 a entidade&hellip;  Leia mais","og_url":"https:\/\/abifa.org.br\/site\/sobre-a-abifa\/","og_site_name":"ABIFA","article_modified_time":"2023-11-09T13:20:38+00:00","twitter_card":"summary_large_image","twitter_misc":{"Est. tempo de leitura":"6 minutos"},"schema":{"@context":"https:\/\/schema.org","@graph":[{"@type":"WebPage","@id":"https:\/\/abifa.org.br\/site\/sobre-a-abifa\/","url":"https:\/\/abifa.org.br\/site\/sobre-a-abifa\/","name":"Sobre a Abifa - ABIFA","isPartOf":{"@id":"https:\/\/abifa.org.br\/site\/#website"},"datePublished":"2023-08-16T18:43:23+00:00","dateModified":"2023-11-09T13:20:38+00:00","breadcrumb":{"@id":"https:\/\/abifa.org.br\/site\/sobre-a-abifa\/#breadcrumb"},"inLanguage":"pt-BR","potentialAction":[{"@type":"ReadAction","target":["https:\/\/abifa.org.br\/site\/sobre-a-abifa\/"]}]},{"@type":"BreadcrumbList","@id":"https:\/\/abifa.org.br\/site\/sobre-a-abifa\/#breadcrumb","itemListElement":[{"@type":"ListItem","position":1,"name":"In\u00edcio","item":"https:\/\/abifa.org.br\/site\/"},{"@type":"ListItem","position":2,"name":"Sobre a Abifa"}]},{"@type":"WebSite","@id":"https:\/\/abifa.org.br\/site\/#website","url":"https:\/\/abifa.org.br\/site\/","name":"ABIFA","description":"","publisher":{"@id":"https:\/\/abifa.org.br\/site\/#organization"},"potentialAction":[{"@type":"SearchAction","target":{"@type":"EntryPoint","urlTemplate":"https:\/\/abifa.org.br\/site\/?s={search_term_string}"},"query-input":{"@type":"PropertyValueSpecification","valueRequired":true,"valueName":"search_term_string"}}],"inLanguage":"pt-BR"},{"@type":"Organization","@id":"https:\/\/abifa.org.br\/site\/#organization","name":"ABIFA","url":"https:\/\/abifa.org.br\/site\/","logo":{"@type":"ImageObject","inLanguage":"pt-BR","@id":"https:\/\/abifa.org.br\/site\/#\/schema\/logo\/image\/","url":"https:\/\/abifa.org.br\/site\/wp-content\/uploads\/2022\/11\/cropped-logo_abifa.png","contentUrl":"https:\/\/abifa.org.br\/site\/wp-content\/uploads\/2022\/11\/cropped-logo_abifa.png","width":250,"height":116,"caption":"ABIFA"},"image":{"@id":"https:\/\/abifa.org.br\/site\/#\/schema\/logo\/image\/"}}]}},"_links":{"self":[{"href":"https:\/\/abifa.org.br\/site\/wp-json\/wp\/v2\/pages\/12473","targetHints":{"allow":["GET"]}}],"collection":[{"href":"https:\/\/abifa.org.br\/site\/wp-json\/wp\/v2\/pages"}],"about":[{"href":"https:\/\/abifa.org.br\/site\/wp-json\/wp\/v2\/types\/page"}],"author":[{"embeddable":true,"href":"https:\/\/abifa.org.br\/site\/wp-json\/wp\/v2\/users\/1"}],"replies":[{"embeddable":true,"href":"https:\/\/abifa.org.br\/site\/wp-json\/wp\/v2\/comments?post=12473"}],"version-history":[{"count":0,"href":"https:\/\/abifa.org.br\/site\/wp-json\/wp\/v2\/pages\/12473\/revisions"}],"wp:attachment":[{"href":"https:\/\/abifa.org.br\/site\/wp-json\/wp\/v2\/media?parent=12473"}],"curies":[{"name":"wp","href":"https:\/\/api.w.org\/{rel}","templated":true}]}}