{"id":12507,"date":"2023-08-30T17:06:34","date_gmt":"2023-08-30T20:06:34","guid":{"rendered":"https:\/\/abifa.org.br\/site\/?page_id=12507"},"modified":"2025-09-25T10:55:42","modified_gmt":"2025-09-25T13:55:42","slug":"palavra-do-presidente","status":"publish","type":"page","link":"https:\/\/abifa.org.br\/site\/palavra-do-presidente\/","title":{"rendered":"Palavra do Presidente"},"content":{"rendered":"\t\t<div data-elementor-type=\"wp-page\" data-elementor-id=\"12507\" class=\"elementor elementor-12507\" data-elementor-post-type=\"page\">\n\t\t\t\t\t\t<section class=\"elementor-section elementor-top-section elementor-element elementor-element-d656296 elementor-section-boxed elementor-section-height-default elementor-section-height-default\" data-id=\"d656296\" data-element_type=\"section\">\n\t\t\t\t\t\t<div class=\"elementor-container elementor-column-gap-default\">\n\t\t\t\t\t<div class=\"elementor-column elementor-col-100 elementor-top-column elementor-element elementor-element-8aea970\" data-id=\"8aea970\" data-element_type=\"column\">\n\t\t\t<div class=\"elementor-widget-wrap elementor-element-populated\">\n\t\t\t\t\t\t<div class=\"elementor-element elementor-element-dfea13c elementor-widget elementor-widget-image\" data-id=\"dfea13c\" data-element_type=\"widget\" data-widget_type=\"image.default\">\n\t\t\t\t<div class=\"elementor-widget-container\">\n\t\t\t\t\t\t\t\t\t\t\t\t\t\t\t<img decoding=\"async\" src=\"https:\/\/abifa.org.br\/site\/wp-content\/uploads\/elementor\/thumbs\/Foto_Cacidio_Girardi-rca2fop6rcmizmif94jfv5c2c759bk1aaho1dowi2w.png\" title=\"Foto_Cac\u00eddio_Girardi\" alt=\"Foto_Cac\u00eddio_Girardi\" loading=\"lazy\" \/>\t\t\t\t\t\t\t\t\t\t\t\t\t\t\t<\/div>\n\t\t\t\t<\/div>\n\t\t\t\t\t<\/div>\n\t\t<\/div>\n\t\t\t\t\t<\/div>\n\t\t<\/section>\n\t\t\t\t<section class=\"elementor-section elementor-top-section elementor-element elementor-element-92d1cb4 elementor-section-boxed elementor-section-height-default elementor-section-height-default\" data-id=\"92d1cb4\" data-element_type=\"section\">\n\t\t\t\t\t\t<div class=\"elementor-container elementor-column-gap-default\">\n\t\t\t\t\t<div class=\"elementor-column elementor-col-100 elementor-top-column elementor-element elementor-element-601ef6b\" data-id=\"601ef6b\" data-element_type=\"column\">\n\t\t\t<div class=\"elementor-widget-wrap elementor-element-populated\">\n\t\t\t\t\t\t<div class=\"elementor-element elementor-element-e5978f5 elementor-widget elementor-widget-heading\" data-id=\"e5978f5\" data-element_type=\"widget\" data-widget_type=\"heading.default\">\n\t\t\t\t<div class=\"elementor-widget-container\">\n\t\t\t\t\t<h2 class=\"elementor-heading-title elementor-size-default\">Fundi\u00e7\u00e3o Brasileira: Desafios e Oportunidades do Presente<\/h2>\t\t\t\t<\/div>\n\t\t\t\t<\/div>\n\t\t\t\t\t<\/div>\n\t\t<\/div>\n\t\t\t\t\t<\/div>\n\t\t<\/section>\n\t\t\t\t<section class=\"elementor-section elementor-top-section elementor-element elementor-element-59fc444 elementor-section-boxed elementor-section-height-default elementor-section-height-default\" data-id=\"59fc444\" data-element_type=\"section\">\n\t\t\t\t\t\t<div class=\"elementor-container elementor-column-gap-default\">\n\t\t\t\t\t<div class=\"elementor-column elementor-col-100 elementor-top-column elementor-element elementor-element-167b102\" data-id=\"167b102\" data-element_type=\"column\">\n\t\t\t<div class=\"elementor-widget-wrap elementor-element-populated\">\n\t\t\t\t\t\t<div class=\"elementor-element elementor-element-c945ccb elementor-widget elementor-widget-text-editor\" data-id=\"c945ccb\" data-element_type=\"widget\" data-widget_type=\"text-editor.default\">\n\t\t\t\t<div class=\"elementor-widget-container\">\n\t\t\t\t\t\t\t\t\t<p data-start=\"214\" data-end=\"262\">Caras associadas, parceiros e amigos da ABIFA,<\/p><p data-start=\"264\" data-end=\"527\">Vivemos um momento de intensas transforma\u00e7\u00f5es na ind\u00fastria e na sociedade. A fundi\u00e7\u00e3o brasileira, que sempre foi sin\u00f4nimo de resili\u00eancia e inova\u00e7\u00e3o, est\u00e1 novamente diante de desafios e oportunidades que exigem uni\u00e3o, vis\u00e3o estrat\u00e9gica e capacidade de adapta\u00e7\u00e3o.<\/p><p data-start=\"529\" data-end=\"982\">A agenda global de sustentabilidade, a digitaliza\u00e7\u00e3o dos processos produtivos, a reindustrializa\u00e7\u00e3o do Brasil e a busca por maior competitividade internacional t\u00eam colocado nossa cadeia produtiva no centro das discuss\u00f5es. \u00c9 nesse cen\u00e1rio que a ABIFA atua com firmeza, representando seus associados, defendendo pol\u00edticas p\u00fablicas adequadas, promovendo a capacita\u00e7\u00e3o t\u00e9cnica e fomentando conex\u00f5es entre fornecedores, clientes e parceiros institucionais.<\/p><p data-start=\"984\" data-end=\"1277\">Nosso compromisso \u00e9 continuar a fortalecer a voz da fundi\u00e7\u00e3o, ampliando sua relev\u00e2ncia como setor essencial para a ind\u00fastria automotiva, de m\u00e1quinas e equipamentos, eletrodom\u00e9sticos, infraestrutura, energia, agricultura e tantos outros segmentos estrat\u00e9gicos para o desenvolvimento nacional.<\/p><p data-start=\"1279\" data-end=\"1600\">A ABIFA segue pr\u00f3xima \u00e0s empresas, valorizando a troca de experi\u00eancias, incentivando a inova\u00e7\u00e3o tecnol\u00f3gica e apoiando iniciativas que promovam produtividade, sustentabilidade e qualifica\u00e7\u00e3o da m\u00e3o de obra. Mais do que nunca, acreditamos que o futuro da fundi\u00e7\u00e3o ser\u00e1 constru\u00eddo em rede, com colabora\u00e7\u00e3o e protagonismo.<\/p><p data-start=\"1602\" data-end=\"1898\">Convido todos a permanecerem ativos junto \u00e0 Associa\u00e7\u00e3o, participando de nossas a\u00e7\u00f5es, eventos e projetos. \u00c9 com a uni\u00e3o da categoria que continuaremos a avan\u00e7ar, transformando desafios em conquistas e assegurando que a ind\u00fastria de fundi\u00e7\u00e3o do Brasil ocupe o lugar que merece no cen\u00e1rio global.<\/p><p data-start=\"1900\" data-end=\"1995\">Seguimos juntos, confiantes no trabalho que realizamos e nas oportunidades que se apresentam.<\/p><p><strong>Cac\u00eddio Girardi<\/strong><br \/><strong>Presidente<\/strong><\/p>\t\t\t\t\t\t\t\t<\/div>\n\t\t\t\t<\/div>\n\t\t\t\t\t<\/div>\n\t\t<\/div>\n\t\t\t\t\t<\/div>\n\t\t<\/section>\n\t\t\t\t<\/div>\n\t\t","protected":false},"excerpt":{"rendered":"<p>Fundi\u00e7\u00e3o Brasileira: Desafios e Oportunidades do Presente Caras associadas, parceiros&hellip;<\/p>\n<p> <a class=\"more-link\" href=\"https:\/\/abifa.org.br\/site\/palavra-do-presidente\/\">Leia mais<\/a><\/p>\n","protected":false},"author":1,"featured_media":0,"parent":0,"menu_order":0,"comment_status":"closed","ping_status":"closed","template":"","meta":{"_acf_changed":false,"om_disable_all_campaigns":false,"_uf_show_specific_survey":0,"_uf_disable_surveys":false,"footnotes":""},"class_list":["post-12507","page","type-page","status-publish"],"acf":[],"yoast_head":"<!-- This site is optimized with the Yoast SEO Premium plugin v26.1 (Yoast SEO v26.1) - https:\/\/yoast.com\/wordpress\/plugins\/seo\/ -->\n<title>Palavra do Presidente - ABIFA<\/title>\n<meta name=\"robots\" content=\"index, follow, max-snippet:-1, max-image-preview:large, max-video-preview:-1\" \/>\n<link rel=\"canonical\" href=\"https:\/\/abifa.org.br\/site\/palavra-do-presidente\/\" \/>\n<meta property=\"og:locale\" content=\"pt_BR\" \/>\n<meta property=\"og:type\" content=\"article\" \/>\n<meta property=\"og:title\" content=\"Palavra do Presidente\" \/>\n<meta property=\"og:description\" content=\"Fundi\u00e7\u00e3o Brasileira: Desafios e Oportunidades do Presente Caras associadas, parceiros&hellip;  Leia mais\" \/>\n<meta property=\"og:url\" content=\"https:\/\/abifa.org.br\/site\/palavra-do-presidente\/\" \/>\n<meta property=\"og:site_name\" content=\"ABIFA\" \/>\n<meta property=\"article:modified_time\" content=\"2025-09-25T13:55:42+00:00\" \/>\n<meta property=\"og:image\" content=\"https:\/\/abifa.org.br\/site\/wp-content\/uploads\/elementor\/thumbs\/Foto_Cacidio_Girardi-rca2fop6rcmizmif94jfv5c2c759bk1aaho1dowi2w.png\" \/>\n<meta name=\"twitter:card\" content=\"summary_large_image\" \/>\n<meta name=\"twitter:label1\" content=\"Est. tempo de leitura\" \/>\n\t<meta name=\"twitter:data1\" content=\"1 minuto\" \/>\n<script type=\"application\/ld+json\" class=\"yoast-schema-graph\">{\"@context\":\"https:\/\/schema.org\",\"@graph\":[{\"@type\":\"WebPage\",\"@id\":\"https:\/\/abifa.org.br\/site\/palavra-do-presidente\/\",\"url\":\"https:\/\/abifa.org.br\/site\/palavra-do-presidente\/\",\"name\":\"Palavra do Presidente - ABIFA\",\"isPartOf\":{\"@id\":\"https:\/\/abifa.org.br\/site\/#website\"},\"primaryImageOfPage\":{\"@id\":\"https:\/\/abifa.org.br\/site\/palavra-do-presidente\/#primaryimage\"},\"image\":{\"@id\":\"https:\/\/abifa.org.br\/site\/palavra-do-presidente\/#primaryimage\"},\"thumbnailUrl\":\"https:\/\/abifa.org.br\/site\/wp-content\/uploads\/elementor\/thumbs\/Foto_Cacidio_Girardi-rca2fop6rcmizmif94jfv5c2c759bk1aaho1dowi2w.png\",\"datePublished\":\"2023-08-30T20:06:34+00:00\",\"dateModified\":\"2025-09-25T13:55:42+00:00\",\"breadcrumb\":{\"@id\":\"https:\/\/abifa.org.br\/site\/palavra-do-presidente\/#breadcrumb\"},\"inLanguage\":\"pt-BR\",\"potentialAction\":[{\"@type\":\"ReadAction\",\"target\":[\"https:\/\/abifa.org.br\/site\/palavra-do-presidente\/\"]}]},{\"@type\":\"ImageObject\",\"inLanguage\":\"pt-BR\",\"@id\":\"https:\/\/abifa.org.br\/site\/palavra-do-presidente\/#primaryimage\",\"url\":\"https:\/\/abifa.org.br\/site\/wp-content\/uploads\/elementor\/thumbs\/Foto_Cacidio_Girardi-rca2fop6rcmizmif94jfv5c2c759bk1aaho1dowi2w.png\",\"contentUrl\":\"https:\/\/abifa.org.br\/site\/wp-content\/uploads\/elementor\/thumbs\/Foto_Cacidio_Girardi-rca2fop6rcmizmif94jfv5c2c759bk1aaho1dowi2w.png\"},{\"@type\":\"BreadcrumbList\",\"@id\":\"https:\/\/abifa.org.br\/site\/palavra-do-presidente\/#breadcrumb\",\"itemListElement\":[{\"@type\":\"ListItem\",\"position\":1,\"name\":\"In\u00edcio\",\"item\":\"https:\/\/abifa.org.br\/site\/\"},{\"@type\":\"ListItem\",\"position\":2,\"name\":\"Palavra do Presidente\"}]},{\"@type\":\"WebSite\",\"@id\":\"https:\/\/abifa.org.br\/site\/#website\",\"url\":\"https:\/\/abifa.org.br\/site\/\",\"name\":\"ABIFA\",\"description\":\"\",\"publisher\":{\"@id\":\"https:\/\/abifa.org.br\/site\/#organization\"},\"potentialAction\":[{\"@type\":\"SearchAction\",\"target\":{\"@type\":\"EntryPoint\",\"urlTemplate\":\"https:\/\/abifa.org.br\/site\/?s={search_term_string}\"},\"query-input\":{\"@type\":\"PropertyValueSpecification\",\"valueRequired\":true,\"valueName\":\"search_term_string\"}}],\"inLanguage\":\"pt-BR\"},{\"@type\":\"Organization\",\"@id\":\"https:\/\/abifa.org.br\/site\/#organization\",\"name\":\"ABIFA\",\"url\":\"https:\/\/abifa.org.br\/site\/\",\"logo\":{\"@type\":\"ImageObject\",\"inLanguage\":\"pt-BR\",\"@id\":\"https:\/\/abifa.org.br\/site\/#\/schema\/logo\/image\/\",\"url\":\"https:\/\/abifa.org.br\/site\/wp-content\/uploads\/2022\/11\/cropped-logo_abifa.png\",\"contentUrl\":\"https:\/\/abifa.org.br\/site\/wp-content\/uploads\/2022\/11\/cropped-logo_abifa.png\",\"width\":250,\"height\":116,\"caption\":\"ABIFA\"},\"image\":{\"@id\":\"https:\/\/abifa.org.br\/site\/#\/schema\/logo\/image\/\"}}]}<\/script>\n<!-- \/ Yoast SEO Premium plugin. -->","yoast_head_json":{"title":"Palavra do Presidente - ABIFA","robots":{"index":"index","follow":"follow","max-snippet":"max-snippet:-1","max-image-preview":"max-image-preview:large","max-video-preview":"max-video-preview:-1"},"canonical":"https:\/\/abifa.org.br\/site\/palavra-do-presidente\/","og_locale":"pt_BR","og_type":"article","og_title":"Palavra do Presidente","og_description":"Fundi\u00e7\u00e3o Brasileira: Desafios e Oportunidades do Presente Caras associadas, parceiros&hellip;  Leia mais","og_url":"https:\/\/abifa.org.br\/site\/palavra-do-presidente\/","og_site_name":"ABIFA","article_modified_time":"2025-09-25T13:55:42+00:00","og_image":[{"url":"https:\/\/abifa.org.br\/site\/wp-content\/uploads\/elementor\/thumbs\/Foto_Cacidio_Girardi-rca2fop6rcmizmif94jfv5c2c759bk1aaho1dowi2w.png","type":"","width":"","height":""}],"twitter_card":"summary_large_image","twitter_misc":{"Est. tempo de leitura":"1 minuto"},"schema":{"@context":"https:\/\/schema.org","@graph":[{"@type":"WebPage","@id":"https:\/\/abifa.org.br\/site\/palavra-do-presidente\/","url":"https:\/\/abifa.org.br\/site\/palavra-do-presidente\/","name":"Palavra do Presidente - ABIFA","isPartOf":{"@id":"https:\/\/abifa.org.br\/site\/#website"},"primaryImageOfPage":{"@id":"https:\/\/abifa.org.br\/site\/palavra-do-presidente\/#primaryimage"},"image":{"@id":"https:\/\/abifa.org.br\/site\/palavra-do-presidente\/#primaryimage"},"thumbnailUrl":"https:\/\/abifa.org.br\/site\/wp-content\/uploads\/elementor\/thumbs\/Foto_Cacidio_Girardi-rca2fop6rcmizmif94jfv5c2c759bk1aaho1dowi2w.png","datePublished":"2023-08-30T20:06:34+00:00","dateModified":"2025-09-25T13:55:42+00:00","breadcrumb":{"@id":"https:\/\/abifa.org.br\/site\/palavra-do-presidente\/#breadcrumb"},"inLanguage":"pt-BR","potentialAction":[{"@type":"ReadAction","target":["https:\/\/abifa.org.br\/site\/palavra-do-presidente\/"]}]},{"@type":"ImageObject","inLanguage":"pt-BR","@id":"https:\/\/abifa.org.br\/site\/palavra-do-presidente\/#primaryimage","url":"https:\/\/abifa.org.br\/site\/wp-content\/uploads\/elementor\/thumbs\/Foto_Cacidio_Girardi-rca2fop6rcmizmif94jfv5c2c759bk1aaho1dowi2w.png","contentUrl":"https:\/\/abifa.org.br\/site\/wp-content\/uploads\/elementor\/thumbs\/Foto_Cacidio_Girardi-rca2fop6rcmizmif94jfv5c2c759bk1aaho1dowi2w.png"},{"@type":"BreadcrumbList","@id":"https:\/\/abifa.org.br\/site\/palavra-do-presidente\/#breadcrumb","itemListElement":[{"@type":"ListItem","position":1,"name":"In\u00edcio","item":"https:\/\/abifa.org.br\/site\/"},{"@type":"ListItem","position":2,"name":"Palavra do Presidente"}]},{"@type":"WebSite","@id":"https:\/\/abifa.org.br\/site\/#website","url":"https:\/\/abifa.org.br\/site\/","name":"ABIFA","description":"","publisher":{"@id":"https:\/\/abifa.org.br\/site\/#organization"},"potentialAction":[{"@type":"SearchAction","target":{"@type":"EntryPoint","urlTemplate":"https:\/\/abifa.org.br\/site\/?s={search_term_string}"},"query-input":{"@type":"PropertyValueSpecification","valueRequired":true,"valueName":"search_term_string"}}],"inLanguage":"pt-BR"},{"@type":"Organization","@id":"https:\/\/abifa.org.br\/site\/#organization","name":"ABIFA","url":"https:\/\/abifa.org.br\/site\/","logo":{"@type":"ImageObject","inLanguage":"pt-BR","@id":"https:\/\/abifa.org.br\/site\/#\/schema\/logo\/image\/","url":"https:\/\/abifa.org.br\/site\/wp-content\/uploads\/2022\/11\/cropped-logo_abifa.png","contentUrl":"https:\/\/abifa.org.br\/site\/wp-content\/uploads\/2022\/11\/cropped-logo_abifa.png","width":250,"height":116,"caption":"ABIFA"},"image":{"@id":"https:\/\/abifa.org.br\/site\/#\/schema\/logo\/image\/"}}]}},"_links":{"self":[{"href":"https:\/\/abifa.org.br\/site\/wp-json\/wp\/v2\/pages\/12507","targetHints":{"allow":["GET"]}}],"collection":[{"href":"https:\/\/abifa.org.br\/site\/wp-json\/wp\/v2\/pages"}],"about":[{"href":"https:\/\/abifa.org.br\/site\/wp-json\/wp\/v2\/types\/page"}],"author":[{"embeddable":true,"href":"https:\/\/abifa.org.br\/site\/wp-json\/wp\/v2\/users\/1"}],"replies":[{"embeddable":true,"href":"https:\/\/abifa.org.br\/site\/wp-json\/wp\/v2\/comments?post=12507"}],"version-history":[{"count":0,"href":"https:\/\/abifa.org.br\/site\/wp-json\/wp\/v2\/pages\/12507\/revisions"}],"wp:attachment":[{"href":"https:\/\/abifa.org.br\/site\/wp-json\/wp\/v2\/media?parent=12507"}],"curies":[{"name":"wp","href":"https:\/\/api.w.org\/{rel}","templated":true}]}}