{"id":12832,"date":"2023-09-07T22:06:10","date_gmt":"2023-09-08T01:06:10","guid":{"rendered":"https:\/\/abifa.org.br\/site\/?page_id=12832"},"modified":"2025-08-27T13:28:42","modified_gmt":"2025-08-27T16:28:42","slug":"comissoes","status":"publish","type":"page","link":"https:\/\/abifa.org.br\/site\/comissoes\/","title":{"rendered":"Comiss\u00f5es"},"content":{"rendered":"\t\t<div data-elementor-type=\"wp-page\" data-elementor-id=\"12832\" class=\"elementor elementor-12832\" data-elementor-post-type=\"page\">\n\t\t\t\t\t\t<section class=\"elementor-section elementor-top-section elementor-element elementor-element-a4df7ad elementor-section-boxed elementor-section-height-default elementor-section-height-default\" data-id=\"a4df7ad\" data-element_type=\"section\">\n\t\t\t\t\t\t<div class=\"elementor-container elementor-column-gap-default\">\n\t\t\t\t\t<div class=\"elementor-column elementor-col-100 elementor-top-column elementor-element elementor-element-41f1c82\" data-id=\"41f1c82\" data-element_type=\"column\">\n\t\t\t<div class=\"elementor-widget-wrap elementor-element-populated\">\n\t\t\t\t\t\t<div class=\"elementor-element elementor-element-15083ff elementor-widget elementor-widget-text-editor\" data-id=\"15083ff\" data-element_type=\"widget\" data-widget_type=\"text-editor.default\">\n\t\t\t\t<div class=\"elementor-widget-container\">\n\t\t\t\t\t\t\t\t\t<h5><strong>A participa\u00e7\u00e3o nas reuni\u00f5es da ABIFA est\u00e1 vinculada a convoca\u00e7\u00e3o e confirma\u00e7\u00e3o antecipada, caso tenha interesse entre antes em contato com a entidade para obter o convite<\/strong><\/h5>\t\t\t\t\t\t\t\t<\/div>\n\t\t\t\t<\/div>\n\t\t\t\t\t<\/div>\n\t\t<\/div>\n\t\t\t\t\t<\/div>\n\t\t<\/section>\n\t\t\t\t<section class=\"elementor-section elementor-top-section elementor-element elementor-element-15d753e elementor-section-boxed elementor-section-height-default elementor-section-height-default\" data-id=\"15d753e\" data-element_type=\"section\">\n\t\t\t\t\t\t<div class=\"elementor-container elementor-column-gap-default\">\n\t\t\t\t\t<div class=\"elementor-column elementor-col-100 elementor-top-column elementor-element elementor-element-b2f04da\" data-id=\"b2f04da\" data-element_type=\"column\">\n\t\t\t<div class=\"elementor-widget-wrap elementor-element-populated\">\n\t\t\t\t\t\t<div class=\"elementor-element elementor-element-a8d1cbc elementor-widget elementor-widget-text-editor\" data-id=\"a8d1cbc\" data-element_type=\"widget\" data-widget_type=\"text-editor.default\">\n\t\t\t\t<div class=\"elementor-widget-container\">\n\t\t\t\t\t\t\t\t\t<p class=\"style15\" style=\"text-align: left;\"><b>Clique em cada t\u00f3pico para ver o conte\u00fado<\/b><\/p>\t\t\t\t\t\t\t\t<\/div>\n\t\t\t\t<\/div>\n\t\t\t\t\t<\/div>\n\t\t<\/div>\n\t\t\t\t\t<\/div>\n\t\t<\/section>\n\t\t\t\t<section class=\"elementor-section elementor-top-section elementor-element elementor-element-9e14885 elementor-section-boxed elementor-section-height-default elementor-section-height-default\" data-id=\"9e14885\" data-element_type=\"section\">\n\t\t\t\t\t\t<div class=\"elementor-container elementor-column-gap-default\">\n\t\t\t\t\t<div class=\"elementor-column elementor-col-100 elementor-top-column elementor-element elementor-element-9c467e9\" data-id=\"9c467e9\" data-element_type=\"column\">\n\t\t\t<div class=\"elementor-widget-wrap elementor-element-populated\">\n\t\t\t\t\t\t<div class=\"elementor-element elementor-element-d705306 elementor-widget elementor-widget-toggle\" data-id=\"d705306\" data-element_type=\"widget\" data-widget_type=\"toggle.default\">\n\t\t\t\t<div class=\"elementor-widget-container\">\n\t\t\t\t\t\t\t<div class=\"elementor-toggle\">\n\t\t\t\t\t\t\t<div class=\"elementor-toggle-item\">\n\t\t\t\t\t<div id=\"elementor-tab-title-2251\" class=\"elementor-tab-title\" data-tab=\"1\" role=\"button\" aria-controls=\"elementor-tab-content-2251\" aria-expanded=\"false\">\n\t\t\t\t\t\t\t\t\t\t\t\t<span class=\"elementor-toggle-icon elementor-toggle-icon-left\" aria-hidden=\"true\">\n\t\t\t\t\t\t\t\t\t\t\t\t\t\t\t<span class=\"elementor-toggle-icon-closed\"><i class=\"fas fa-caret-right\"><\/i><\/span>\n\t\t\t\t\t\t\t\t<span class=\"elementor-toggle-icon-opened\"><i class=\"elementor-toggle-icon-opened fas fa-caret-up\"><\/i><\/span>\n\t\t\t\t\t\t\t\t\t\t\t\t\t<\/span>\n\t\t\t\t\t\t\t\t\t\t\t\t<a class=\"elementor-toggle-title\" tabindex=\"0\">COMERCIAIS<\/a>\n\t\t\t\t\t<\/div>\n\n\t\t\t\t\t<div id=\"elementor-tab-content-2251\" class=\"elementor-tab-content elementor-clearfix\" data-tab=\"1\" role=\"region\" aria-labelledby=\"elementor-tab-title-2251\"><div class=\"page\" title=\"Page 1\"><div class=\"layoutArea\"><div class=\"column\"><p><strong>COMISS\u00c3O DO A\u00c7O<\/strong><\/p><p><span style=\"color: var( --e-global-color-text );\">Objetivo: discutir todos os assuntos que envolvam o setor de a\u00e7o fundido, desde\u00a0abastecimento de insumos at\u00e9 relacionamento com clientes. A Comiss\u00e3o tamb\u00e9m\u00a0desenvolve trabalhos que ap\u00f3iam os associados, como diretrizes para formular\u00a0or\u00e7amentos, acompanhamento hist\u00f3rico do INPF (\u00cdndice Nacional de Pre\u00e7os de\u00a0Fundidos), entre outros.<\/span><\/p><hr \/><p><strong>COMISS\u00c3O DO ALUM\u00cdNIO<\/strong><\/p><p><span style=\"color: var( --e-global-color-text );\">Objetivo: discutir todos os assuntos que envolvam o setor de alum\u00ednio fundido, desde o\u00a0abastecimento de insumos at\u00e9 o relacionamento com os clientes. A Comiss\u00e3o\u00a0tamb\u00e9m desenvolve palestras e workshops que trazem novidades e tecnologias aos\u00a0associados.<\/span><\/p><hr \/><p><strong>COMISS\u00c3O DE FERRO<\/strong><\/p><p><span style=\"color: var( --e-global-color-text );\">Objetivo: reunir profissionais da \u00e1rea comercial que analisam o mercado e discutem\u00a0alternativas para melhor apresentar o produto.<\/span><\/p><hr \/><p><strong>COMISS\u00c3O DE MICROFUS\u00c3O<\/strong><\/p><p>Objetivo: abordar temas que tratem da \u00e1rea de suprimentos, comercializa\u00e7\u00e3o e t\u00e9cnicos, criando e desenvolvendo pesquisas, palestras entre outros assuntos de interesse do setor. Com o objetivo de fortalecer a cadeia de microfus\u00e3o, atrav\u00e9s de trocas de informa\u00e7\u00f5es focadas ao nosso segmento.<\/p><p><a href=\"https:\/\/www.abifa.org.br\/comissoes\/?page_id=2594\">Informativos de Desempenho de Microfus\u00e3o<\/a><\/p><hr \/><p><strong>COMISS\u00c3O DE SUPRIMENTOS<\/strong><\/p><p>Objetivo: discutir a situa\u00e7\u00e3o de abastecimento dos principais insumos do\u00a0setor de Fundi\u00e7\u00e3o de Ferro e A\u00e7o, bem como as alternativas existentes no\u00a0mercado.<\/p><hr \/><p><strong>COMISS\u00c3O DE COM\u00c9RCIO EXTERIOR<\/strong><\/p><p>Considerando a import\u00e2ncia da integra\u00e7\u00e3o do setor de fundi\u00e7\u00e3o brasileiro a economia mundial e a oportunidade de internacionaliza\u00e7\u00e3o das empresas, a Diretoria da ABIFA decidiu estrategicamente criar a Comiss\u00e3o de Com\u00e9rcio Exterior.<\/p><p>Ampliando o escopo das a\u00e7\u00f5es voltadas ao setor externo, uma nova frente de trabalho se abre atrav\u00e9s deste grupo que ser\u00e1 representado pelos respons\u00e1veis pelas \u00e1reas comercial e de exporta\u00e7\u00e3o das empresas, juntamente com os t\u00e9cnicos das mesmas.<br \/>A comiss\u00e3o n\u00e3o se destina apenas as fundi\u00e7\u00f5es exportadoras, mas tamb\u00e9m aquelas que t\u00eam o desejo de se inserir no processo de internacionalizac\u00e3o.<br \/>Agindo de forma associativa e colaborativa poder\u00e3o ser alavancados os resultados para todos.<\/p><p>A comiss\u00e3o e ter\u00e1 como meta tra\u00e7ar os rumos e a estrat\u00e9gia da ABIFA nessa \u00e1rea de forma a melhor atender aos seus associados. Portanto, \u00e9 fundamental que a voz dos associados seja bem representada.<\/p><\/div><\/div><\/div><\/div>\n\t\t\t\t<\/div>\n\t\t\t\t\t\t\t<div class=\"elementor-toggle-item\">\n\t\t\t\t\t<div id=\"elementor-tab-title-2252\" class=\"elementor-tab-title\" data-tab=\"2\" role=\"button\" aria-controls=\"elementor-tab-content-2252\" aria-expanded=\"false\">\n\t\t\t\t\t\t\t\t\t\t\t\t<span class=\"elementor-toggle-icon elementor-toggle-icon-left\" aria-hidden=\"true\">\n\t\t\t\t\t\t\t\t\t\t\t\t\t\t\t<span class=\"elementor-toggle-icon-closed\"><i class=\"fas fa-caret-right\"><\/i><\/span>\n\t\t\t\t\t\t\t\t<span class=\"elementor-toggle-icon-opened\"><i class=\"elementor-toggle-icon-opened fas fa-caret-up\"><\/i><\/span>\n\t\t\t\t\t\t\t\t\t\t\t\t\t<\/span>\n\t\t\t\t\t\t\t\t\t\t\t\t<a class=\"elementor-toggle-title\" tabindex=\"0\">T\u00c9CNICAS<\/a>\n\t\t\t\t\t<\/div>\n\n\t\t\t\t\t<div id=\"elementor-tab-content-2252\" class=\"elementor-tab-content elementor-clearfix\" data-tab=\"2\" role=\"region\" aria-labelledby=\"elementor-tab-title-2252\"><p><strong>COMISS\u00c3O DE MEIO AMBIENTE<\/strong><\/p><p>Objetivo: realizar\u00a0estudos e projetos de cunho tecnol\u00f3gico\/ambiental, acompanhando, sugerindo e\u00a0apontando alternativas para solu\u00e7\u00f5es das quest\u00f5es ambientais, baseados nas\u00a0legisla\u00e7\u00f5es e normas. Assessoria nas quest\u00f5es ambientais em geral, e tamb\u00e9m promover o interc\u00e2mbio entre os associados na busca de solu\u00e7\u00f5es; representar a ABIFA em Comiss\u00f5es, Grupos, ABNT\/CB-59 Comit\u00ea Brasileiro de Fundi\u00e7\u00e3o da ABNT, Comit\u00eas na \u00c1rea Ambiental e Audi\u00eancias Publicas; promover a coopera\u00e7\u00e3o com os poderes p\u00fablicos no estudo de problemas e busca de solu\u00e7\u00f5es ambientais; promover Confer\u00eancias, Palestras, Cursos, Workshops e Treinamentos voltados \u00e0 atividade da Comiss\u00e3o.<\/p><hr \/><p><strong>COMISS\u00c3O DE INOVA\u00c7\u00c3O E TECNOLOGIA<\/strong><\/p><p>Objetivo: Aprofundar a discuss\u00e3o dos temas Inova\u00e7\u00e3o e Tecnologia, no ambiente de fundi\u00e7\u00e3o, e dar suporte aos associados, no que se refere aos programas e oportunidades existentes no campo da Inova\u00e7\u00e3o e Tecnologia. No in\u00edcio dos trabalhos da comiss\u00e3o, foi realizada uma pesquisa, junto \u00e0s Fundi\u00e7\u00f5es, com o objetivo de mapear as demandas relacionadas aos temas. Grupos de trabalho foram formados, para estudar cada demanda, em quatro \u00e1reas: (1) Mapeamento das Tecnologia; (2) Recursos Humanos e Estudo de Caso na Inova\u00e7\u00e3o; (3) Legisla\u00e7\u00e3o e (4) Mapeamento das Ag\u00eancias e Agentes de Promo\u00e7\u00e3o \u00e0 Inova\u00e7\u00e3o.<\/p><p>Mais informa\u00e7\u00f5es estamos \u00e0 disposi\u00e7\u00e3o para fornecer.<\/p><hr \/><p><strong>COMISS\u00d5ES ESTUDOS DE MAT\u00c9RIAS-PRIMAS \u2013 CEMP<\/strong><\/p><p>Objetivo:\u00a0reunir engenheiros e\u00a0t\u00e9cnicos do setor de fundi\u00e7\u00e3o com a finalidade de desenvolver trabalhos\u00a0t\u00e9cnicos da \u00e1rea, visando \u00e0 padroniza\u00e7\u00e3o da linguagem (Recomenda\u00e7\u00f5es T\u00e9cnicas)\u00a0entre consumidor e fornecedor de insumos e mat\u00e9rias-primas para as fundi\u00e7\u00f5es.<\/p><hr \/><p><strong>CEMP Moldagem\/Macharia<\/strong><\/p><p>ABNT CB 58 CE Mat\u00e9rias-Primas.<\/p><hr \/><p><strong>CEMP Fus\u00e3o<\/strong><\/p><p>\u00a0<\/p><\/div>\n\t\t\t\t<\/div>\n\t\t\t\t\t\t\t<div class=\"elementor-toggle-item\">\n\t\t\t\t\t<div id=\"elementor-tab-title-2253\" class=\"elementor-tab-title\" data-tab=\"3\" role=\"button\" aria-controls=\"elementor-tab-content-2253\" aria-expanded=\"false\">\n\t\t\t\t\t\t\t\t\t\t\t\t<span class=\"elementor-toggle-icon elementor-toggle-icon-left\" aria-hidden=\"true\">\n\t\t\t\t\t\t\t\t\t\t\t\t\t\t\t<span class=\"elementor-toggle-icon-closed\"><i class=\"fas fa-caret-right\"><\/i><\/span>\n\t\t\t\t\t\t\t\t<span class=\"elementor-toggle-icon-opened\"><i class=\"elementor-toggle-icon-opened fas fa-caret-up\"><\/i><\/span>\n\t\t\t\t\t\t\t\t\t\t\t\t\t<\/span>\n\t\t\t\t\t\t\t\t\t\t\t\t<a class=\"elementor-toggle-title\" tabindex=\"0\">COINFU \u2013 Comiss\u00e3o Intermunicipal de Fundi\u00e7\u00e3o<\/a>\n\t\t\t\t\t<\/div>\n\n\t\t\t\t\t<div id=\"elementor-tab-content-2253\" class=\"elementor-tab-content elementor-clearfix\" data-tab=\"3\" role=\"region\" aria-labelledby=\"elementor-tab-title-2253\"><p><strong>COINFU Moldagem \/ Macharia<\/strong><\/p>\n<p>Objetivo: manter o interc\u00e2mbio de&nbsp;informa\u00e7\u00f5es referente a materiais, fornecedores, processos, equipamentos,&nbsp;relatos e experi\u00eancias, buscando o desenvolvimento pessoal dos participantes&nbsp;das empresas.<\/p>\n<hr>\n<p><strong>COINFU Manuten\u00e7\u00e3o<\/strong><\/p>\n<p>Objetivo: discutir assuntos relacionados \u00e0&nbsp;manuten\u00e7\u00e3o de m\u00e1quinas e equipamentos utilizados pelas empresas, tais como:&nbsp;m\u00e1quinas de moldar, fornos, misturadores, transportadores de areia, sistemas de&nbsp;exaust\u00e3o, defeitos t\u00edpicos dos mesmos, formas de controle, tipos de manuten\u00e7\u00e3o&nbsp;aplicada, fornecedores de pe\u00e7as de reposi\u00e7\u00e3o, empr\u00e9stimos de&nbsp;equipamentos\/pe\u00e7as, palestras com especialistas, visitas t\u00e9cnicas a&nbsp;fornecedores entre outros.<\/p>\n<hr>\n<p><strong>COINFU Fus\u00e3o\/Refrat\u00e1rios<\/strong><\/p>\n<p>Objetivo:&nbsp;manter o interc\u00e2mbio de informa\u00e7\u00f5es referente a materiais, fornecedores,&nbsp;processos, equipamentos, relatos e experi\u00eancias, buscando o desenvolvimento&nbsp;pessoal dos participantes das empresas, nessa etapa do processo.<\/p>\n<p><strong>COINFU N\u00e3o Ferrosos<\/strong><\/p><\/div>\n\t\t\t\t<\/div>\n\t\t\t\t\t\t\t\t<\/div>\n\t\t\t\t\t\t<\/div>\n\t\t\t\t<\/div>\n\t\t\t\t\t<\/div>\n\t\t<\/div>\n\t\t\t\t\t<\/div>\n\t\t<\/section>\n\t\t\t\t<\/div>\n\t\t","protected":false},"excerpt":{"rendered":"<p>A participa\u00e7\u00e3o nas reuni\u00f5es da ABIFA est\u00e1 vinculada a convoca\u00e7\u00e3o&hellip;<\/p>\n<p> <a class=\"more-link\" href=\"https:\/\/abifa.org.br\/site\/comissoes\/\">Leia mais<\/a><\/p>\n","protected":false},"author":1,"featured_media":0,"parent":0,"menu_order":0,"comment_status":"closed","ping_status":"closed","template":"","meta":{"_acf_changed":false,"om_disable_all_campaigns":false,"_uf_show_specific_survey":0,"_uf_disable_surveys":false,"footnotes":""},"class_list":["post-12832","page","type-page","status-publish"],"acf":[],"yoast_head":"<!-- This site is optimized with the Yoast SEO Premium plugin v26.1 (Yoast SEO v26.1) - https:\/\/yoast.com\/wordpress\/plugins\/seo\/ -->\n<title>Comiss\u00f5es - ABIFA<\/title>\n<meta name=\"robots\" content=\"index, follow, max-snippet:-1, max-image-preview:large, max-video-preview:-1\" \/>\n<link rel=\"canonical\" href=\"https:\/\/abifa.org.br\/site\/comissoes\/\" \/>\n<meta property=\"og:locale\" content=\"pt_BR\" \/>\n<meta property=\"og:type\" content=\"article\" \/>\n<meta property=\"og:title\" content=\"Comiss\u00f5es\" \/>\n<meta property=\"og:description\" content=\"A participa\u00e7\u00e3o nas reuni\u00f5es da ABIFA est\u00e1 vinculada a convoca\u00e7\u00e3o&hellip;  Leia mais\" \/>\n<meta property=\"og:url\" content=\"https:\/\/abifa.org.br\/site\/comissoes\/\" \/>\n<meta property=\"og:site_name\" content=\"ABIFA\" \/>\n<meta property=\"article:modified_time\" content=\"2025-08-27T16:28:42+00:00\" \/>\n<meta name=\"twitter:card\" content=\"summary_large_image\" \/>\n<meta name=\"twitter:label1\" content=\"Est. tempo de leitura\" \/>\n\t<meta name=\"twitter:data1\" content=\"4 minutos\" \/>\n<script type=\"application\/ld+json\" class=\"yoast-schema-graph\">{\"@context\":\"https:\/\/schema.org\",\"@graph\":[{\"@type\":\"WebPage\",\"@id\":\"https:\/\/abifa.org.br\/site\/comissoes\/\",\"url\":\"https:\/\/abifa.org.br\/site\/comissoes\/\",\"name\":\"Comiss\u00f5es - ABIFA\",\"isPartOf\":{\"@id\":\"https:\/\/abifa.org.br\/site\/#website\"},\"datePublished\":\"2023-09-08T01:06:10+00:00\",\"dateModified\":\"2025-08-27T16:28:42+00:00\",\"breadcrumb\":{\"@id\":\"https:\/\/abifa.org.br\/site\/comissoes\/#breadcrumb\"},\"inLanguage\":\"pt-BR\",\"potentialAction\":[{\"@type\":\"ReadAction\",\"target\":[\"https:\/\/abifa.org.br\/site\/comissoes\/\"]}]},{\"@type\":\"BreadcrumbList\",\"@id\":\"https:\/\/abifa.org.br\/site\/comissoes\/#breadcrumb\",\"itemListElement\":[{\"@type\":\"ListItem\",\"position\":1,\"name\":\"In\u00edcio\",\"item\":\"https:\/\/abifa.org.br\/site\/\"},{\"@type\":\"ListItem\",\"position\":2,\"name\":\"Comiss\u00f5es\"}]},{\"@type\":\"WebSite\",\"@id\":\"https:\/\/abifa.org.br\/site\/#website\",\"url\":\"https:\/\/abifa.org.br\/site\/\",\"name\":\"ABIFA\",\"description\":\"\",\"publisher\":{\"@id\":\"https:\/\/abifa.org.br\/site\/#organization\"},\"potentialAction\":[{\"@type\":\"SearchAction\",\"target\":{\"@type\":\"EntryPoint\",\"urlTemplate\":\"https:\/\/abifa.org.br\/site\/?s={search_term_string}\"},\"query-input\":{\"@type\":\"PropertyValueSpecification\",\"valueRequired\":true,\"valueName\":\"search_term_string\"}}],\"inLanguage\":\"pt-BR\"},{\"@type\":\"Organization\",\"@id\":\"https:\/\/abifa.org.br\/site\/#organization\",\"name\":\"ABIFA\",\"url\":\"https:\/\/abifa.org.br\/site\/\",\"logo\":{\"@type\":\"ImageObject\",\"inLanguage\":\"pt-BR\",\"@id\":\"https:\/\/abifa.org.br\/site\/#\/schema\/logo\/image\/\",\"url\":\"https:\/\/abifa.org.br\/site\/wp-content\/uploads\/2022\/11\/cropped-logo_abifa.png\",\"contentUrl\":\"https:\/\/abifa.org.br\/site\/wp-content\/uploads\/2022\/11\/cropped-logo_abifa.png\",\"width\":250,\"height\":116,\"caption\":\"ABIFA\"},\"image\":{\"@id\":\"https:\/\/abifa.org.br\/site\/#\/schema\/logo\/image\/\"}}]}<\/script>\n<!-- \/ Yoast SEO Premium plugin. -->","yoast_head_json":{"title":"Comiss\u00f5es - ABIFA","robots":{"index":"index","follow":"follow","max-snippet":"max-snippet:-1","max-image-preview":"max-image-preview:large","max-video-preview":"max-video-preview:-1"},"canonical":"https:\/\/abifa.org.br\/site\/comissoes\/","og_locale":"pt_BR","og_type":"article","og_title":"Comiss\u00f5es","og_description":"A participa\u00e7\u00e3o nas reuni\u00f5es da ABIFA est\u00e1 vinculada a convoca\u00e7\u00e3o&hellip;  Leia mais","og_url":"https:\/\/abifa.org.br\/site\/comissoes\/","og_site_name":"ABIFA","article_modified_time":"2025-08-27T16:28:42+00:00","twitter_card":"summary_large_image","twitter_misc":{"Est. tempo de leitura":"4 minutos"},"schema":{"@context":"https:\/\/schema.org","@graph":[{"@type":"WebPage","@id":"https:\/\/abifa.org.br\/site\/comissoes\/","url":"https:\/\/abifa.org.br\/site\/comissoes\/","name":"Comiss\u00f5es - ABIFA","isPartOf":{"@id":"https:\/\/abifa.org.br\/site\/#website"},"datePublished":"2023-09-08T01:06:10+00:00","dateModified":"2025-08-27T16:28:42+00:00","breadcrumb":{"@id":"https:\/\/abifa.org.br\/site\/comissoes\/#breadcrumb"},"inLanguage":"pt-BR","potentialAction":[{"@type":"ReadAction","target":["https:\/\/abifa.org.br\/site\/comissoes\/"]}]},{"@type":"BreadcrumbList","@id":"https:\/\/abifa.org.br\/site\/comissoes\/#breadcrumb","itemListElement":[{"@type":"ListItem","position":1,"name":"In\u00edcio","item":"https:\/\/abifa.org.br\/site\/"},{"@type":"ListItem","position":2,"name":"Comiss\u00f5es"}]},{"@type":"WebSite","@id":"https:\/\/abifa.org.br\/site\/#website","url":"https:\/\/abifa.org.br\/site\/","name":"ABIFA","description":"","publisher":{"@id":"https:\/\/abifa.org.br\/site\/#organization"},"potentialAction":[{"@type":"SearchAction","target":{"@type":"EntryPoint","urlTemplate":"https:\/\/abifa.org.br\/site\/?s={search_term_string}"},"query-input":{"@type":"PropertyValueSpecification","valueRequired":true,"valueName":"search_term_string"}}],"inLanguage":"pt-BR"},{"@type":"Organization","@id":"https:\/\/abifa.org.br\/site\/#organization","name":"ABIFA","url":"https:\/\/abifa.org.br\/site\/","logo":{"@type":"ImageObject","inLanguage":"pt-BR","@id":"https:\/\/abifa.org.br\/site\/#\/schema\/logo\/image\/","url":"https:\/\/abifa.org.br\/site\/wp-content\/uploads\/2022\/11\/cropped-logo_abifa.png","contentUrl":"https:\/\/abifa.org.br\/site\/wp-content\/uploads\/2022\/11\/cropped-logo_abifa.png","width":250,"height":116,"caption":"ABIFA"},"image":{"@id":"https:\/\/abifa.org.br\/site\/#\/schema\/logo\/image\/"}}]}},"_links":{"self":[{"href":"https:\/\/abifa.org.br\/site\/wp-json\/wp\/v2\/pages\/12832","targetHints":{"allow":["GET"]}}],"collection":[{"href":"https:\/\/abifa.org.br\/site\/wp-json\/wp\/v2\/pages"}],"about":[{"href":"https:\/\/abifa.org.br\/site\/wp-json\/wp\/v2\/types\/page"}],"author":[{"embeddable":true,"href":"https:\/\/abifa.org.br\/site\/wp-json\/wp\/v2\/users\/1"}],"replies":[{"embeddable":true,"href":"https:\/\/abifa.org.br\/site\/wp-json\/wp\/v2\/comments?post=12832"}],"version-history":[{"count":0,"href":"https:\/\/abifa.org.br\/site\/wp-json\/wp\/v2\/pages\/12832\/revisions"}],"wp:attachment":[{"href":"https:\/\/abifa.org.br\/site\/wp-json\/wp\/v2\/media?parent=12832"}],"curies":[{"name":"wp","href":"https:\/\/api.w.org\/{rel}","templated":true}]}}