{"id":14808,"date":"2023-10-21T12:27:32","date_gmt":"2023-10-21T15:27:32","guid":{"rendered":"https:\/\/abifa.org.br\/site\/?page_id=14808"},"modified":"2023-10-25T11:15:59","modified_gmt":"2023-10-25T14:15:59","slug":"pauta-editorial","status":"publish","type":"page","link":"https:\/\/abifa.org.br\/site\/pauta-editorial\/","title":{"rendered":"Pauta Editorial"},"content":{"rendered":"\t\t<div data-elementor-type=\"wp-page\" data-elementor-id=\"14808\" class=\"elementor elementor-14808\" data-elementor-post-type=\"page\">\n\t\t\t\t\t\t<section class=\"elementor-section elementor-top-section elementor-element elementor-element-ca07ac6 elementor-section-boxed elementor-section-height-default elementor-section-height-default\" data-id=\"ca07ac6\" data-element_type=\"section\">\n\t\t\t\t\t\t<div class=\"elementor-container elementor-column-gap-default\">\n\t\t\t\t\t<div class=\"elementor-column elementor-col-100 elementor-top-column elementor-element elementor-element-fec2508\" data-id=\"fec2508\" data-element_type=\"column\">\n\t\t\t<div class=\"elementor-widget-wrap elementor-element-populated\">\n\t\t\t\t\t\t<div class=\"elementor-element elementor-element-6ef7e12 elementor-widget elementor-widget-text-editor\" data-id=\"6ef7e12\" data-element_type=\"widget\" data-widget_type=\"text-editor.default\">\n\t\t\t\t<div class=\"elementor-widget-container\">\n\t\t\t\t\t\t\t\t\t<h2><strong>PAUTA EDITORIAL | EDITORIAL PLAN<\/strong><\/h2>\t\t\t\t\t\t\t\t<\/div>\n\t\t\t\t<\/div>\n\t\t\t\t\t<\/div>\n\t\t<\/div>\n\t\t\t\t\t<\/div>\n\t\t<\/section>\n\t\t\t\t<section class=\"elementor-section elementor-top-section elementor-element elementor-element-2f10325 elementor-section-boxed elementor-section-height-default elementor-section-height-default\" data-id=\"2f10325\" data-element_type=\"section\">\n\t\t\t\t\t\t<div class=\"elementor-container elementor-column-gap-default\">\n\t\t\t\t\t<div class=\"elementor-column elementor-col-50 elementor-top-column elementor-element elementor-element-4761ff1\" data-id=\"4761ff1\" data-element_type=\"column\">\n\t\t\t<div class=\"elementor-widget-wrap elementor-element-populated\">\n\t\t\t\t\t\t<div class=\"elementor-element elementor-element-6783e1c elementor-widget elementor-widget-text-editor\" data-id=\"6783e1c\" data-element_type=\"widget\" data-widget_type=\"text-editor.default\">\n\t\t\t\t<div class=\"elementor-widget-container\">\n\t\t\t\t\t\t\t\t\t<p><a href=\"https:\/\/abifa.org.br\/site\/wp-content\/uploads\/2023\/10\/Pauta-2024.pdf\" target=\"_blank\" rel=\"noopener\"><img decoding=\"async\" class=\"wp-image-7739 size-full alignleft\" src=\"http:\/\/www.abifa.org.br\/wp-content\/uploads\/2019\/10\/br-1.png\" alt=\"br\" width=\"27\" height=\"20\" data-id=\"7739\" \/> Pauta Revista ABIFA 2024<\/a><\/p>\t\t\t\t\t\t\t\t<\/div>\n\t\t\t\t<\/div>\n\t\t\t\t<div class=\"elementor-element elementor-element-8e3c139 elementor-widget elementor-widget-text-editor\" data-id=\"8e3c139\" data-element_type=\"widget\" data-widget_type=\"text-editor.default\">\n\t\t\t\t<div class=\"elementor-widget-container\">\n\t\t\t\t\t\t\t\t\t<p><a class=\"alignnone\" href=\"https:\/\/abifa.org.br\/site\/wp-content\/uploads\/2023\/10\/FMP-EditorialCalendar2024.pdf\"><img decoding=\"async\" class=\"size-full wp-image-7740 alignnone alignleft\" src=\"http:\/\/www.abifa.org.br\/wp-content\/uploads\/2019\/10\/usa.png\" alt=\"usa\" width=\"27\" height=\"20\" data-id=\"7740\" \/> Editorial Plan ABIFA Magazine<\/a><\/p>\t\t\t\t\t\t\t\t<\/div>\n\t\t\t\t<\/div>\n\t\t\t\t\t<\/div>\n\t\t<\/div>\n\t\t\t\t<div class=\"elementor-column elementor-col-50 elementor-top-column elementor-element elementor-element-03b9b1b\" data-id=\"03b9b1b\" data-element_type=\"column\">\n\t\t\t<div class=\"elementor-widget-wrap elementor-element-populated\">\n\t\t\t\t\t\t<div class=\"elementor-element elementor-element-9b97557 elementor-widget elementor-widget-text-editor\" data-id=\"9b97557\" data-element_type=\"widget\" data-widget_type=\"text-editor.default\">\n\t\t\t\t<div class=\"elementor-widget-container\">\n\t\t\t\t\t\t\t\t\t<p>Todo conte\u00fado est\u00e1 em formato de arquivo PDF, para sua visualiza\u00e7\u00e3o \u00e9 necess\u00e1rio ter instalado o Adobe Acrobat Reader, caso n\u00e3o tenha<strong><a href=\"https:\/\/get.adobe.com\/br\/reader\/\" target=\"_blank\" rel=\"noopener\"><span style=\"color: #ff0000;\"> clique aqui<\/span><\/a>\u00a0<\/strong>e fa\u00e7a o download do mesmo.<\/p>\t\t\t\t\t\t\t\t<\/div>\n\t\t\t\t<\/div>\n\t\t\t\t\t<\/div>\n\t\t<\/div>\n\t\t\t\t\t<\/div>\n\t\t<\/section>\n\t\t\t\t<\/div>\n\t\t","protected":false},"excerpt":{"rendered":"<p>PAUTA EDITORIAL | EDITORIAL PLAN Pauta Revista ABIFA 2024 Editorial&hellip;<\/p>\n<p> <a class=\"more-link\" href=\"https:\/\/abifa.org.br\/site\/pauta-editorial\/\">Leia mais<\/a><\/p>\n","protected":false},"author":1,"featured_media":0,"parent":0,"menu_order":0,"comment_status":"closed","ping_status":"closed","template":"","meta":{"_acf_changed":false,"om_disable_all_campaigns":false,"_uf_show_specific_survey":0,"_uf_disable_surveys":false,"footnotes":""},"class_list":["post-14808","page","type-page","status-publish"],"acf":[],"yoast_head":"<!-- This site is optimized with the Yoast SEO Premium plugin v26.1 (Yoast SEO v26.1) - https:\/\/yoast.com\/wordpress\/plugins\/seo\/ -->\n<title>Pauta Editorial - ABIFA<\/title>\n<meta name=\"robots\" content=\"index, follow, max-snippet:-1, max-image-preview:large, max-video-preview:-1\" \/>\n<link rel=\"canonical\" href=\"https:\/\/abifa.org.br\/site\/pauta-editorial\/\" \/>\n<meta property=\"og:locale\" content=\"pt_BR\" \/>\n<meta property=\"og:type\" content=\"article\" \/>\n<meta property=\"og:title\" content=\"Pauta Editorial\" \/>\n<meta property=\"og:description\" content=\"PAUTA EDITORIAL | EDITORIAL PLAN Pauta Revista ABIFA 2024 Editorial&hellip;  Leia mais\" \/>\n<meta property=\"og:url\" content=\"https:\/\/abifa.org.br\/site\/pauta-editorial\/\" \/>\n<meta property=\"og:site_name\" content=\"ABIFA\" \/>\n<meta property=\"article:modified_time\" content=\"2023-10-25T14:15:59+00:00\" \/>\n<meta property=\"og:image\" content=\"http:\/\/www.abifa.org.br\/wp-content\/uploads\/2019\/10\/br-1.png\" \/>\n<meta name=\"twitter:card\" content=\"summary_large_image\" \/>\n<script type=\"application\/ld+json\" class=\"yoast-schema-graph\">{\"@context\":\"https:\/\/schema.org\",\"@graph\":[{\"@type\":\"WebPage\",\"@id\":\"https:\/\/abifa.org.br\/site\/pauta-editorial\/\",\"url\":\"https:\/\/abifa.org.br\/site\/pauta-editorial\/\",\"name\":\"Pauta Editorial - ABIFA\",\"isPartOf\":{\"@id\":\"https:\/\/abifa.org.br\/site\/#website\"},\"primaryImageOfPage\":{\"@id\":\"https:\/\/abifa.org.br\/site\/pauta-editorial\/#primaryimage\"},\"image\":{\"@id\":\"https:\/\/abifa.org.br\/site\/pauta-editorial\/#primaryimage\"},\"thumbnailUrl\":\"http:\/\/www.abifa.org.br\/wp-content\/uploads\/2019\/10\/br-1.png\",\"datePublished\":\"2023-10-21T15:27:32+00:00\",\"dateModified\":\"2023-10-25T14:15:59+00:00\",\"breadcrumb\":{\"@id\":\"https:\/\/abifa.org.br\/site\/pauta-editorial\/#breadcrumb\"},\"inLanguage\":\"pt-BR\",\"potentialAction\":[{\"@type\":\"ReadAction\",\"target\":[\"https:\/\/abifa.org.br\/site\/pauta-editorial\/\"]}]},{\"@type\":\"ImageObject\",\"inLanguage\":\"pt-BR\",\"@id\":\"https:\/\/abifa.org.br\/site\/pauta-editorial\/#primaryimage\",\"url\":\"http:\/\/www.abifa.org.br\/wp-content\/uploads\/2019\/10\/br-1.png\",\"contentUrl\":\"http:\/\/www.abifa.org.br\/wp-content\/uploads\/2019\/10\/br-1.png\"},{\"@type\":\"BreadcrumbList\",\"@id\":\"https:\/\/abifa.org.br\/site\/pauta-editorial\/#breadcrumb\",\"itemListElement\":[{\"@type\":\"ListItem\",\"position\":1,\"name\":\"In\u00edcio\",\"item\":\"https:\/\/abifa.org.br\/site\/\"},{\"@type\":\"ListItem\",\"position\":2,\"name\":\"Pauta Editorial\"}]},{\"@type\":\"WebSite\",\"@id\":\"https:\/\/abifa.org.br\/site\/#website\",\"url\":\"https:\/\/abifa.org.br\/site\/\",\"name\":\"ABIFA\",\"description\":\"\",\"publisher\":{\"@id\":\"https:\/\/abifa.org.br\/site\/#organization\"},\"potentialAction\":[{\"@type\":\"SearchAction\",\"target\":{\"@type\":\"EntryPoint\",\"urlTemplate\":\"https:\/\/abifa.org.br\/site\/?s={search_term_string}\"},\"query-input\":{\"@type\":\"PropertyValueSpecification\",\"valueRequired\":true,\"valueName\":\"search_term_string\"}}],\"inLanguage\":\"pt-BR\"},{\"@type\":\"Organization\",\"@id\":\"https:\/\/abifa.org.br\/site\/#organization\",\"name\":\"ABIFA\",\"url\":\"https:\/\/abifa.org.br\/site\/\",\"logo\":{\"@type\":\"ImageObject\",\"inLanguage\":\"pt-BR\",\"@id\":\"https:\/\/abifa.org.br\/site\/#\/schema\/logo\/image\/\",\"url\":\"https:\/\/abifa.org.br\/site\/wp-content\/uploads\/2022\/11\/cropped-logo_abifa.png\",\"contentUrl\":\"https:\/\/abifa.org.br\/site\/wp-content\/uploads\/2022\/11\/cropped-logo_abifa.png\",\"width\":250,\"height\":116,\"caption\":\"ABIFA\"},\"image\":{\"@id\":\"https:\/\/abifa.org.br\/site\/#\/schema\/logo\/image\/\"}}]}<\/script>\n<!-- \/ Yoast SEO Premium plugin. -->","yoast_head_json":{"title":"Pauta Editorial - ABIFA","robots":{"index":"index","follow":"follow","max-snippet":"max-snippet:-1","max-image-preview":"max-image-preview:large","max-video-preview":"max-video-preview:-1"},"canonical":"https:\/\/abifa.org.br\/site\/pauta-editorial\/","og_locale":"pt_BR","og_type":"article","og_title":"Pauta Editorial","og_description":"PAUTA EDITORIAL | EDITORIAL PLAN Pauta Revista ABIFA 2024 Editorial&hellip;  Leia mais","og_url":"https:\/\/abifa.org.br\/site\/pauta-editorial\/","og_site_name":"ABIFA","article_modified_time":"2023-10-25T14:15:59+00:00","og_image":[{"url":"http:\/\/www.abifa.org.br\/wp-content\/uploads\/2019\/10\/br-1.png","type":"","width":"","height":""}],"twitter_card":"summary_large_image","schema":{"@context":"https:\/\/schema.org","@graph":[{"@type":"WebPage","@id":"https:\/\/abifa.org.br\/site\/pauta-editorial\/","url":"https:\/\/abifa.org.br\/site\/pauta-editorial\/","name":"Pauta Editorial - ABIFA","isPartOf":{"@id":"https:\/\/abifa.org.br\/site\/#website"},"primaryImageOfPage":{"@id":"https:\/\/abifa.org.br\/site\/pauta-editorial\/#primaryimage"},"image":{"@id":"https:\/\/abifa.org.br\/site\/pauta-editorial\/#primaryimage"},"thumbnailUrl":"http:\/\/www.abifa.org.br\/wp-content\/uploads\/2019\/10\/br-1.png","datePublished":"2023-10-21T15:27:32+00:00","dateModified":"2023-10-25T14:15:59+00:00","breadcrumb":{"@id":"https:\/\/abifa.org.br\/site\/pauta-editorial\/#breadcrumb"},"inLanguage":"pt-BR","potentialAction":[{"@type":"ReadAction","target":["https:\/\/abifa.org.br\/site\/pauta-editorial\/"]}]},{"@type":"ImageObject","inLanguage":"pt-BR","@id":"https:\/\/abifa.org.br\/site\/pauta-editorial\/#primaryimage","url":"http:\/\/www.abifa.org.br\/wp-content\/uploads\/2019\/10\/br-1.png","contentUrl":"http:\/\/www.abifa.org.br\/wp-content\/uploads\/2019\/10\/br-1.png"},{"@type":"BreadcrumbList","@id":"https:\/\/abifa.org.br\/site\/pauta-editorial\/#breadcrumb","itemListElement":[{"@type":"ListItem","position":1,"name":"In\u00edcio","item":"https:\/\/abifa.org.br\/site\/"},{"@type":"ListItem","position":2,"name":"Pauta Editorial"}]},{"@type":"WebSite","@id":"https:\/\/abifa.org.br\/site\/#website","url":"https:\/\/abifa.org.br\/site\/","name":"ABIFA","description":"","publisher":{"@id":"https:\/\/abifa.org.br\/site\/#organization"},"potentialAction":[{"@type":"SearchAction","target":{"@type":"EntryPoint","urlTemplate":"https:\/\/abifa.org.br\/site\/?s={search_term_string}"},"query-input":{"@type":"PropertyValueSpecification","valueRequired":true,"valueName":"search_term_string"}}],"inLanguage":"pt-BR"},{"@type":"Organization","@id":"https:\/\/abifa.org.br\/site\/#organization","name":"ABIFA","url":"https:\/\/abifa.org.br\/site\/","logo":{"@type":"ImageObject","inLanguage":"pt-BR","@id":"https:\/\/abifa.org.br\/site\/#\/schema\/logo\/image\/","url":"https:\/\/abifa.org.br\/site\/wp-content\/uploads\/2022\/11\/cropped-logo_abifa.png","contentUrl":"https:\/\/abifa.org.br\/site\/wp-content\/uploads\/2022\/11\/cropped-logo_abifa.png","width":250,"height":116,"caption":"ABIFA"},"image":{"@id":"https:\/\/abifa.org.br\/site\/#\/schema\/logo\/image\/"}}]}},"_links":{"self":[{"href":"https:\/\/abifa.org.br\/site\/wp-json\/wp\/v2\/pages\/14808","targetHints":{"allow":["GET"]}}],"collection":[{"href":"https:\/\/abifa.org.br\/site\/wp-json\/wp\/v2\/pages"}],"about":[{"href":"https:\/\/abifa.org.br\/site\/wp-json\/wp\/v2\/types\/page"}],"author":[{"embeddable":true,"href":"https:\/\/abifa.org.br\/site\/wp-json\/wp\/v2\/users\/1"}],"replies":[{"embeddable":true,"href":"https:\/\/abifa.org.br\/site\/wp-json\/wp\/v2\/comments?post=14808"}],"version-history":[{"count":0,"href":"https:\/\/abifa.org.br\/site\/wp-json\/wp\/v2\/pages\/14808\/revisions"}],"wp:attachment":[{"href":"https:\/\/abifa.org.br\/site\/wp-json\/wp\/v2\/media?parent=14808"}],"curies":[{"name":"wp","href":"https:\/\/api.w.org\/{rel}","templated":true}]}}