{"id":14821,"date":"2023-10-21T12:33:23","date_gmt":"2023-10-21T15:33:23","guid":{"rendered":"https:\/\/abifa.org.br\/site\/?page_id=14821"},"modified":"2025-06-16T14:36:23","modified_gmt":"2025-06-16T17:36:23","slug":"publicidade","status":"publish","type":"page","link":"https:\/\/abifa.org.br\/site\/publicidade\/","title":{"rendered":"Publicidade"},"content":{"rendered":"\t\t<div data-elementor-type=\"wp-page\" data-elementor-id=\"14821\" class=\"elementor elementor-14821\" data-elementor-post-type=\"page\">\n\t\t\t\t\t\t<section class=\"elementor-section elementor-top-section elementor-element elementor-element-ca07ac6 elementor-section-boxed elementor-section-height-default elementor-section-height-default\" data-id=\"ca07ac6\" data-element_type=\"section\">\n\t\t\t\t\t\t<div class=\"elementor-container elementor-column-gap-default\">\n\t\t\t\t\t<div class=\"elementor-column elementor-col-100 elementor-top-column elementor-element elementor-element-fec2508\" data-id=\"fec2508\" data-element_type=\"column\">\n\t\t\t<div class=\"elementor-widget-wrap elementor-element-populated\">\n\t\t\t\t\t\t<div class=\"elementor-element elementor-element-6ef7e12 elementor-widget elementor-widget-text-editor\" data-id=\"6ef7e12\" data-element_type=\"widget\" data-widget_type=\"text-editor.default\">\n\t\t\t\t<div class=\"elementor-widget-container\">\n\t\t\t\t\t\t\t\t\t<h2><strong>Vantagens em anunciar na revista FMP<\/strong><\/h2>\t\t\t\t\t\t\t\t<\/div>\n\t\t\t\t<\/div>\n\t\t\t\t\t<\/div>\n\t\t<\/div>\n\t\t\t\t\t<\/div>\n\t\t<\/section>\n\t\t\t\t<section class=\"elementor-section elementor-top-section elementor-element elementor-element-2f10325 elementor-section-boxed elementor-section-height-default elementor-section-height-default\" data-id=\"2f10325\" data-element_type=\"section\">\n\t\t\t\t\t\t<div class=\"elementor-container elementor-column-gap-default\">\n\t\t\t\t\t<div class=\"elementor-column elementor-col-100 elementor-top-column elementor-element elementor-element-03b9b1b\" data-id=\"03b9b1b\" data-element_type=\"column\">\n\t\t\t<div class=\"elementor-widget-wrap elementor-element-populated\">\n\t\t\t\t\t\t<div class=\"elementor-element elementor-element-9b97557 elementor-widget elementor-widget-text-editor\" data-id=\"9b97557\" data-element_type=\"widget\" data-widget_type=\"text-editor.default\">\n\t\t\t\t<div class=\"elementor-widget-container\">\n\t\t\t\t\t\t\t\t\t<ul><li>Inser\u00e7\u00e3o da logomarca da empresa anunciante nas Newsletters de divulga\u00e7\u00e3o da Revista, com link para o respectivo site<\/li><li>Os an\u00fancios t\u00eam link para o site da empresa<\/li><li>Na se\u00e7\u00e3o Anunciantes da Edi\u00e7\u00e3o, na revista, \u00e9 inserida a logomarca da empresa, com link para o an\u00fancio. O an\u00fancio, por sua vez, \u00e9 lincado com o site da empresa.<\/li><li>Nos E-books ABIFA (<a href=\"https:\/\/abifa.org.br\/site\/guias-abifa-2022\/\">https:\/\/abifa.org.br\/site\/guias-abifa-2022\/<\/a>), as anunciantes da edi\u00e7\u00e3o participantes da pesquisa t\u00eam a sua logomarca publicada sempre que mencionada no levantamento, com link para o site da empresa, aumentando a sua visibilidade<\/li><li>As anunciantes com campanha anual (12 meses) t\u00eam direito a um banner rotativo publicado na p\u00e1gina de hospedagem da Revista (<a href=\"https:\/\/abifa.org.br\/site\/revista-abifa-edicao-do-mes\/\">https:\/\/abifa.org.br\/site\/revista-abifa-edicao-do-mes\/<\/a>)<\/li><\/ul>\t\t\t\t\t\t\t\t<\/div>\n\t\t\t\t<\/div>\n\t\t\t\t\t<\/div>\n\t\t<\/div>\n\t\t\t\t\t<\/div>\n\t\t<\/section>\n\t\t\t\t<section class=\"elementor-section elementor-top-section elementor-element elementor-element-c44508f elementor-section-boxed elementor-section-height-default elementor-section-height-default\" data-id=\"c44508f\" data-element_type=\"section\">\n\t\t\t\t\t\t<div class=\"elementor-container elementor-column-gap-default\">\n\t\t\t\t\t<div class=\"elementor-column elementor-col-100 elementor-top-column elementor-element elementor-element-c81b41c\" data-id=\"c81b41c\" data-element_type=\"column\">\n\t\t\t<div class=\"elementor-widget-wrap elementor-element-populated\">\n\t\t\t\t\t\t<div class=\"elementor-element elementor-element-7b955a9 elementor-widget elementor-widget-text-editor\" data-id=\"7b955a9\" data-element_type=\"widget\" data-widget_type=\"text-editor.default\">\n\t\t\t\t<div class=\"elementor-widget-container\">\n\t\t\t\t\t\t\t\t\t<h2><strong>An\u00fancios &#8211; Formatos<\/strong><\/h2>\t\t\t\t\t\t\t\t<\/div>\n\t\t\t\t<\/div>\n\t\t\t\t\t<\/div>\n\t\t<\/div>\n\t\t\t\t\t<\/div>\n\t\t<\/section>\n\t\t\t\t<section class=\"elementor-section elementor-top-section elementor-element elementor-element-920144f elementor-section-boxed elementor-section-height-default elementor-section-height-default\" data-id=\"920144f\" data-element_type=\"section\">\n\t\t\t\t\t\t<div class=\"elementor-container elementor-column-gap-default\">\n\t\t\t\t\t<div class=\"elementor-column elementor-col-100 elementor-top-column elementor-element elementor-element-aee5433\" data-id=\"aee5433\" data-element_type=\"column\">\n\t\t\t<div class=\"elementor-widget-wrap elementor-element-populated\">\n\t\t\t\t\t\t<div class=\"elementor-element elementor-element-386d5f3 elementor-widget elementor-widget-image\" data-id=\"386d5f3\" data-element_type=\"widget\" data-widget_type=\"image.default\">\n\t\t\t\t<div class=\"elementor-widget-container\">\n\t\t\t\t\t\t\t\t\t\t\t\t\t\t\t<img fetchpriority=\"high\" decoding=\"async\" width=\"800\" height=\"237\" src=\"https:\/\/abifa.org.br\/site\/wp-content\/uploads\/2023\/10\/Anuncios-Formatos-1024x303.jpg\" class=\"attachment-large size-large wp-image-14823\" alt=\"\" srcset=\"https:\/\/abifa.org.br\/site\/wp-content\/uploads\/2023\/10\/Anuncios-Formatos-1024x303.jpg 1024w, https:\/\/abifa.org.br\/site\/wp-content\/uploads\/2023\/10\/Anuncios-Formatos-300x89.jpg 300w, https:\/\/abifa.org.br\/site\/wp-content\/uploads\/2023\/10\/Anuncios-Formatos-768x227.jpg 768w, https:\/\/abifa.org.br\/site\/wp-content\/uploads\/2023\/10\/Anuncios-Formatos-1536x455.jpg 1536w, https:\/\/abifa.org.br\/site\/wp-content\/uploads\/2023\/10\/Anuncios-Formatos-2048x606.jpg 2048w\" sizes=\"(max-width: 800px) 100vw, 800px\" \/>\t\t\t\t\t\t\t\t\t\t\t\t\t\t\t<\/div>\n\t\t\t\t<\/div>\n\t\t\t\t\t<\/div>\n\t\t<\/div>\n\t\t\t\t\t<\/div>\n\t\t<\/section>\n\t\t\t\t<section class=\"elementor-section elementor-top-section elementor-element elementor-element-a3c8085 elementor-section-boxed elementor-section-height-default elementor-section-height-default\" data-id=\"a3c8085\" data-element_type=\"section\">\n\t\t\t\t\t\t<div class=\"elementor-container elementor-column-gap-default\">\n\t\t\t\t\t<div class=\"elementor-column elementor-col-100 elementor-top-column elementor-element elementor-element-5c28faf\" data-id=\"5c28faf\" data-element_type=\"column\">\n\t\t\t<div class=\"elementor-widget-wrap elementor-element-populated\">\n\t\t\t\t\t\t<div class=\"elementor-element elementor-element-5a548be elementor-widget elementor-widget-text-editor\" data-id=\"5a548be\" data-element_type=\"widget\" data-widget_type=\"text-editor.default\">\n\t\t\t\t<div class=\"elementor-widget-container\">\n\t\t\t\t\t\t\t\t\t<h2><strong>Contato<\/strong><\/h2>\t\t\t\t\t\t\t\t<\/div>\n\t\t\t\t<\/div>\n\t\t\t\t\t<\/div>\n\t\t<\/div>\n\t\t\t\t\t<\/div>\n\t\t<\/section>\n\t\t\t\t<section class=\"elementor-section elementor-top-section elementor-element elementor-element-57e1df7 elementor-section-boxed elementor-section-height-default elementor-section-height-default\" data-id=\"57e1df7\" data-element_type=\"section\">\n\t\t\t\t\t\t<div class=\"elementor-container elementor-column-gap-default\">\n\t\t\t\t\t<div class=\"elementor-column elementor-col-100 elementor-top-column elementor-element elementor-element-2628343\" data-id=\"2628343\" data-element_type=\"column\">\n\t\t\t<div class=\"elementor-widget-wrap elementor-element-populated\">\n\t\t\t\t\t\t<div class=\"elementor-element elementor-element-a929511 elementor-widget elementor-widget-text-editor\" data-id=\"a929511\" data-element_type=\"widget\" data-widget_type=\"text-editor.default\">\n\t\t\t\t<div class=\"elementor-widget-container\">\n\t\t\t\t\t\t\t\t\t<p>ABIFA | Setor de Comunica\u00e7\u00e3o e Marketing&nbsp;<br>Tel. (+55 11) 3549-3344<br>gerenciamarketing@abifa.org.br<\/p>\t\t\t\t\t\t\t\t<\/div>\n\t\t\t\t<\/div>\n\t\t\t\t\t<\/div>\n\t\t<\/div>\n\t\t\t\t\t<\/div>\n\t\t<\/section>\n\t\t\t\t<\/div>\n\t\t","protected":false},"excerpt":{"rendered":"<p>Vantagens em anunciar na revista FMP Inser\u00e7\u00e3o da logomarca da&hellip;<\/p>\n<p> <a class=\"more-link\" href=\"https:\/\/abifa.org.br\/site\/publicidade\/\">Leia mais<\/a><\/p>\n","protected":false},"author":1,"featured_media":0,"parent":0,"menu_order":0,"comment_status":"closed","ping_status":"closed","template":"","meta":{"_acf_changed":false,"om_disable_all_campaigns":false,"_uf_show_specific_survey":0,"_uf_disable_surveys":false,"footnotes":""},"class_list":["post-14821","page","type-page","status-publish"],"acf":[],"yoast_head":"<!-- This site is optimized with the Yoast SEO Premium plugin v26.1 (Yoast SEO v26.1) - https:\/\/yoast.com\/wordpress\/plugins\/seo\/ -->\n<title>Publicidade - ABIFA<\/title>\n<meta name=\"robots\" content=\"index, follow, max-snippet:-1, max-image-preview:large, max-video-preview:-1\" \/>\n<link rel=\"canonical\" href=\"https:\/\/abifa.org.br\/site\/publicidade\/\" \/>\n<meta property=\"og:locale\" content=\"pt_BR\" \/>\n<meta property=\"og:type\" content=\"article\" \/>\n<meta property=\"og:title\" content=\"Publicidade\" \/>\n<meta property=\"og:description\" content=\"Vantagens em anunciar na revista FMP Inser\u00e7\u00e3o da logomarca da&hellip;  Leia mais\" \/>\n<meta property=\"og:url\" content=\"https:\/\/abifa.org.br\/site\/publicidade\/\" \/>\n<meta property=\"og:site_name\" content=\"ABIFA\" \/>\n<meta property=\"article:modified_time\" content=\"2025-06-16T17:36:23+00:00\" \/>\n<meta property=\"og:image\" content=\"https:\/\/abifa.org.br\/site\/wp-content\/uploads\/2023\/10\/Anuncios-Formatos-1024x303.jpg\" \/>\n<meta name=\"twitter:card\" content=\"summary_large_image\" \/>\n<meta name=\"twitter:label1\" content=\"Est. tempo de leitura\" \/>\n\t<meta name=\"twitter:data1\" content=\"1 minuto\" \/>\n<script type=\"application\/ld+json\" class=\"yoast-schema-graph\">{\"@context\":\"https:\/\/schema.org\",\"@graph\":[{\"@type\":\"WebPage\",\"@id\":\"https:\/\/abifa.org.br\/site\/publicidade\/\",\"url\":\"https:\/\/abifa.org.br\/site\/publicidade\/\",\"name\":\"Publicidade - ABIFA\",\"isPartOf\":{\"@id\":\"https:\/\/abifa.org.br\/site\/#website\"},\"primaryImageOfPage\":{\"@id\":\"https:\/\/abifa.org.br\/site\/publicidade\/#primaryimage\"},\"image\":{\"@id\":\"https:\/\/abifa.org.br\/site\/publicidade\/#primaryimage\"},\"thumbnailUrl\":\"https:\/\/abifa.org.br\/site\/wp-content\/uploads\/2023\/10\/Anuncios-Formatos-1024x303.jpg\",\"datePublished\":\"2023-10-21T15:33:23+00:00\",\"dateModified\":\"2025-06-16T17:36:23+00:00\",\"breadcrumb\":{\"@id\":\"https:\/\/abifa.org.br\/site\/publicidade\/#breadcrumb\"},\"inLanguage\":\"pt-BR\",\"potentialAction\":[{\"@type\":\"ReadAction\",\"target\":[\"https:\/\/abifa.org.br\/site\/publicidade\/\"]}]},{\"@type\":\"ImageObject\",\"inLanguage\":\"pt-BR\",\"@id\":\"https:\/\/abifa.org.br\/site\/publicidade\/#primaryimage\",\"url\":\"https:\/\/abifa.org.br\/site\/wp-content\/uploads\/2023\/10\/Anuncios-Formatos.jpg\",\"contentUrl\":\"https:\/\/abifa.org.br\/site\/wp-content\/uploads\/2023\/10\/Anuncios-Formatos.jpg\",\"width\":2344,\"height\":694},{\"@type\":\"BreadcrumbList\",\"@id\":\"https:\/\/abifa.org.br\/site\/publicidade\/#breadcrumb\",\"itemListElement\":[{\"@type\":\"ListItem\",\"position\":1,\"name\":\"In\u00edcio\",\"item\":\"https:\/\/abifa.org.br\/site\/\"},{\"@type\":\"ListItem\",\"position\":2,\"name\":\"Publicidade\"}]},{\"@type\":\"WebSite\",\"@id\":\"https:\/\/abifa.org.br\/site\/#website\",\"url\":\"https:\/\/abifa.org.br\/site\/\",\"name\":\"ABIFA\",\"description\":\"\",\"publisher\":{\"@id\":\"https:\/\/abifa.org.br\/site\/#organization\"},\"potentialAction\":[{\"@type\":\"SearchAction\",\"target\":{\"@type\":\"EntryPoint\",\"urlTemplate\":\"https:\/\/abifa.org.br\/site\/?s={search_term_string}\"},\"query-input\":{\"@type\":\"PropertyValueSpecification\",\"valueRequired\":true,\"valueName\":\"search_term_string\"}}],\"inLanguage\":\"pt-BR\"},{\"@type\":\"Organization\",\"@id\":\"https:\/\/abifa.org.br\/site\/#organization\",\"name\":\"ABIFA\",\"url\":\"https:\/\/abifa.org.br\/site\/\",\"logo\":{\"@type\":\"ImageObject\",\"inLanguage\":\"pt-BR\",\"@id\":\"https:\/\/abifa.org.br\/site\/#\/schema\/logo\/image\/\",\"url\":\"https:\/\/abifa.org.br\/site\/wp-content\/uploads\/2022\/11\/cropped-logo_abifa.png\",\"contentUrl\":\"https:\/\/abifa.org.br\/site\/wp-content\/uploads\/2022\/11\/cropped-logo_abifa.png\",\"width\":250,\"height\":116,\"caption\":\"ABIFA\"},\"image\":{\"@id\":\"https:\/\/abifa.org.br\/site\/#\/schema\/logo\/image\/\"}}]}<\/script>\n<!-- \/ Yoast SEO Premium plugin. -->","yoast_head_json":{"title":"Publicidade - ABIFA","robots":{"index":"index","follow":"follow","max-snippet":"max-snippet:-1","max-image-preview":"max-image-preview:large","max-video-preview":"max-video-preview:-1"},"canonical":"https:\/\/abifa.org.br\/site\/publicidade\/","og_locale":"pt_BR","og_type":"article","og_title":"Publicidade","og_description":"Vantagens em anunciar na revista FMP Inser\u00e7\u00e3o da logomarca da&hellip;  Leia mais","og_url":"https:\/\/abifa.org.br\/site\/publicidade\/","og_site_name":"ABIFA","article_modified_time":"2025-06-16T17:36:23+00:00","og_image":[{"url":"https:\/\/abifa.org.br\/site\/wp-content\/uploads\/2023\/10\/Anuncios-Formatos-1024x303.jpg","type":"","width":"","height":""}],"twitter_card":"summary_large_image","twitter_misc":{"Est. tempo de leitura":"1 minuto"},"schema":{"@context":"https:\/\/schema.org","@graph":[{"@type":"WebPage","@id":"https:\/\/abifa.org.br\/site\/publicidade\/","url":"https:\/\/abifa.org.br\/site\/publicidade\/","name":"Publicidade - ABIFA","isPartOf":{"@id":"https:\/\/abifa.org.br\/site\/#website"},"primaryImageOfPage":{"@id":"https:\/\/abifa.org.br\/site\/publicidade\/#primaryimage"},"image":{"@id":"https:\/\/abifa.org.br\/site\/publicidade\/#primaryimage"},"thumbnailUrl":"https:\/\/abifa.org.br\/site\/wp-content\/uploads\/2023\/10\/Anuncios-Formatos-1024x303.jpg","datePublished":"2023-10-21T15:33:23+00:00","dateModified":"2025-06-16T17:36:23+00:00","breadcrumb":{"@id":"https:\/\/abifa.org.br\/site\/publicidade\/#breadcrumb"},"inLanguage":"pt-BR","potentialAction":[{"@type":"ReadAction","target":["https:\/\/abifa.org.br\/site\/publicidade\/"]}]},{"@type":"ImageObject","inLanguage":"pt-BR","@id":"https:\/\/abifa.org.br\/site\/publicidade\/#primaryimage","url":"https:\/\/abifa.org.br\/site\/wp-content\/uploads\/2023\/10\/Anuncios-Formatos.jpg","contentUrl":"https:\/\/abifa.org.br\/site\/wp-content\/uploads\/2023\/10\/Anuncios-Formatos.jpg","width":2344,"height":694},{"@type":"BreadcrumbList","@id":"https:\/\/abifa.org.br\/site\/publicidade\/#breadcrumb","itemListElement":[{"@type":"ListItem","position":1,"name":"In\u00edcio","item":"https:\/\/abifa.org.br\/site\/"},{"@type":"ListItem","position":2,"name":"Publicidade"}]},{"@type":"WebSite","@id":"https:\/\/abifa.org.br\/site\/#website","url":"https:\/\/abifa.org.br\/site\/","name":"ABIFA","description":"","publisher":{"@id":"https:\/\/abifa.org.br\/site\/#organization"},"potentialAction":[{"@type":"SearchAction","target":{"@type":"EntryPoint","urlTemplate":"https:\/\/abifa.org.br\/site\/?s={search_term_string}"},"query-input":{"@type":"PropertyValueSpecification","valueRequired":true,"valueName":"search_term_string"}}],"inLanguage":"pt-BR"},{"@type":"Organization","@id":"https:\/\/abifa.org.br\/site\/#organization","name":"ABIFA","url":"https:\/\/abifa.org.br\/site\/","logo":{"@type":"ImageObject","inLanguage":"pt-BR","@id":"https:\/\/abifa.org.br\/site\/#\/schema\/logo\/image\/","url":"https:\/\/abifa.org.br\/site\/wp-content\/uploads\/2022\/11\/cropped-logo_abifa.png","contentUrl":"https:\/\/abifa.org.br\/site\/wp-content\/uploads\/2022\/11\/cropped-logo_abifa.png","width":250,"height":116,"caption":"ABIFA"},"image":{"@id":"https:\/\/abifa.org.br\/site\/#\/schema\/logo\/image\/"}}]}},"_links":{"self":[{"href":"https:\/\/abifa.org.br\/site\/wp-json\/wp\/v2\/pages\/14821","targetHints":{"allow":["GET"]}}],"collection":[{"href":"https:\/\/abifa.org.br\/site\/wp-json\/wp\/v2\/pages"}],"about":[{"href":"https:\/\/abifa.org.br\/site\/wp-json\/wp\/v2\/types\/page"}],"author":[{"embeddable":true,"href":"https:\/\/abifa.org.br\/site\/wp-json\/wp\/v2\/users\/1"}],"replies":[{"embeddable":true,"href":"https:\/\/abifa.org.br\/site\/wp-json\/wp\/v2\/comments?post=14821"}],"version-history":[{"count":0,"href":"https:\/\/abifa.org.br\/site\/wp-json\/wp\/v2\/pages\/14821\/revisions"}],"wp:attachment":[{"href":"https:\/\/abifa.org.br\/site\/wp-json\/wp\/v2\/media?parent=14821"}],"curies":[{"name":"wp","href":"https:\/\/api.w.org\/{rel}","templated":true}]}}