{"id":17253,"date":"2024-06-11T08:37:21","date_gmt":"2024-06-11T11:37:21","guid":{"rendered":"https:\/\/abifa.org.br\/site\/?page_id=17253"},"modified":"2024-06-11T08:52:25","modified_gmt":"2024-06-11T11:52:25","slug":"pos-graduacao-engenharia-de-fundicao","status":"publish","type":"page","link":"https:\/\/abifa.org.br\/site\/pos-graduacao-engenharia-de-fundicao\/","title":{"rendered":"P\u00f3s-Gradua\u00e7\u00e3o Engenharia de Fundi\u00e7\u00e3o"},"content":{"rendered":"\t\t<div data-elementor-type=\"wp-page\" data-elementor-id=\"17253\" class=\"elementor elementor-17253\" data-elementor-post-type=\"page\">\n\t\t\t\t\t\t<section class=\"elementor-section elementor-top-section elementor-element elementor-element-5a1f7a3 elementor-section-boxed elementor-section-height-default elementor-section-height-default\" data-id=\"5a1f7a3\" data-element_type=\"section\">\n\t\t\t\t\t\t<div class=\"elementor-container elementor-column-gap-default\">\n\t\t\t\t\t<div class=\"elementor-column elementor-col-100 elementor-top-column elementor-element elementor-element-6602dbe\" data-id=\"6602dbe\" data-element_type=\"column\">\n\t\t\t<div class=\"elementor-widget-wrap elementor-element-populated\">\n\t\t\t\t\t\t<div class=\"elementor-element elementor-element-79d6f8c elementor-widget elementor-widget-image\" data-id=\"79d6f8c\" data-element_type=\"widget\" data-widget_type=\"image.default\">\n\t\t\t\t<div class=\"elementor-widget-container\">\n\t\t\t\t\t\t\t\t\t\t\t\t\t\t\t<img fetchpriority=\"high\" decoding=\"async\" width=\"1654\" height=\"2340\" src=\"https:\/\/abifa.org.br\/site\/wp-content\/uploads\/2024\/06\/capa.jpg\" class=\"attachment-full size-full wp-image-17268\" alt=\"\" srcset=\"https:\/\/abifa.org.br\/site\/wp-content\/uploads\/2024\/06\/capa.jpg 1654w, https:\/\/abifa.org.br\/site\/wp-content\/uploads\/2024\/06\/capa-212x300.jpg 212w, https:\/\/abifa.org.br\/site\/wp-content\/uploads\/2024\/06\/capa-724x1024.jpg 724w, https:\/\/abifa.org.br\/site\/wp-content\/uploads\/2024\/06\/capa-768x1087.jpg 768w, https:\/\/abifa.org.br\/site\/wp-content\/uploads\/2024\/06\/capa-1086x1536.jpg 1086w, https:\/\/abifa.org.br\/site\/wp-content\/uploads\/2024\/06\/capa-1448x2048.jpg 1448w\" sizes=\"(max-width: 1654px) 100vw, 1654px\" \/>\t\t\t\t\t\t\t\t\t\t\t\t\t\t\t<\/div>\n\t\t\t\t<\/div>\n\t\t\t\t\t<\/div>\n\t\t<\/div>\n\t\t\t\t\t<\/div>\n\t\t<\/section>\n\t\t\t\t<section class=\"elementor-section elementor-top-section elementor-element elementor-element-9b5a0a7 elementor-section-boxed elementor-section-height-default elementor-section-height-default\" data-id=\"9b5a0a7\" data-element_type=\"section\">\n\t\t\t\t\t\t<div class=\"elementor-container elementor-column-gap-default\">\n\t\t\t\t\t<div class=\"elementor-column elementor-col-100 elementor-top-column elementor-element elementor-element-f19a86e\" data-id=\"f19a86e\" data-element_type=\"column\">\n\t\t\t<div class=\"elementor-widget-wrap elementor-element-populated\">\n\t\t\t\t\t\t<div class=\"elementor-element elementor-element-7cbdade elementor-widget elementor-widget-image\" data-id=\"7cbdade\" data-element_type=\"widget\" data-widget_type=\"image.default\">\n\t\t\t\t<div class=\"elementor-widget-container\">\n\t\t\t\t\t\t\t\t\t\t\t\t\t\t\t<img decoding=\"async\" width=\"1654\" height=\"2340\" src=\"https:\/\/abifa.org.br\/site\/wp-content\/uploads\/2024\/06\/P.jpg\" class=\"attachment-full size-full wp-image-17267\" alt=\"\" srcset=\"https:\/\/abifa.org.br\/site\/wp-content\/uploads\/2024\/06\/P.jpg 1654w, https:\/\/abifa.org.br\/site\/wp-content\/uploads\/2024\/06\/P-212x300.jpg 212w, https:\/\/abifa.org.br\/site\/wp-content\/uploads\/2024\/06\/P-724x1024.jpg 724w, https:\/\/abifa.org.br\/site\/wp-content\/uploads\/2024\/06\/P-768x1087.jpg 768w, https:\/\/abifa.org.br\/site\/wp-content\/uploads\/2024\/06\/P-1086x1536.jpg 1086w, https:\/\/abifa.org.br\/site\/wp-content\/uploads\/2024\/06\/P-1448x2048.jpg 1448w\" sizes=\"(max-width: 1654px) 100vw, 1654px\" \/>\t\t\t\t\t\t\t\t\t\t\t\t\t\t\t<\/div>\n\t\t\t\t<\/div>\n\t\t\t\t\t<\/div>\n\t\t<\/div>\n\t\t\t\t\t<\/div>\n\t\t<\/section>\n\t\t\t\t<section class=\"elementor-section elementor-top-section elementor-element elementor-element-d1409a6 elementor-section-boxed elementor-section-height-default elementor-section-height-default\" data-id=\"d1409a6\" data-element_type=\"section\">\n\t\t\t\t\t\t<div class=\"elementor-container elementor-column-gap-default\">\n\t\t\t\t\t<div class=\"elementor-column elementor-col-100 elementor-top-column elementor-element elementor-element-4a662ff\" data-id=\"4a662ff\" data-element_type=\"column\">\n\t\t\t<div class=\"elementor-widget-wrap elementor-element-populated\">\n\t\t\t\t\t\t<div class=\"elementor-element elementor-element-9ed6640 elementor-widget elementor-widget-image\" data-id=\"9ed6640\" data-element_type=\"widget\" data-widget_type=\"image.default\">\n\t\t\t\t<div class=\"elementor-widget-container\">\n\t\t\t\t\t\t\t\t\t\t\t\t\t\t\t<img decoding=\"async\" width=\"1654\" height=\"2340\" src=\"https:\/\/abifa.org.br\/site\/wp-content\/uploads\/2024\/06\/P2.jpg\" class=\"attachment-full size-full wp-image-17266\" alt=\"\" srcset=\"https:\/\/abifa.org.br\/site\/wp-content\/uploads\/2024\/06\/P2.jpg 1654w, https:\/\/abifa.org.br\/site\/wp-content\/uploads\/2024\/06\/P2-212x300.jpg 212w, https:\/\/abifa.org.br\/site\/wp-content\/uploads\/2024\/06\/P2-724x1024.jpg 724w, https:\/\/abifa.org.br\/site\/wp-content\/uploads\/2024\/06\/P2-768x1087.jpg 768w, https:\/\/abifa.org.br\/site\/wp-content\/uploads\/2024\/06\/P2-1086x1536.jpg 1086w, https:\/\/abifa.org.br\/site\/wp-content\/uploads\/2024\/06\/P2-1448x2048.jpg 1448w\" sizes=\"(max-width: 1654px) 100vw, 1654px\" \/>\t\t\t\t\t\t\t\t\t\t\t\t\t\t\t<\/div>\n\t\t\t\t<\/div>\n\t\t\t\t\t<\/div>\n\t\t<\/div>\n\t\t\t\t\t<\/div>\n\t\t<\/section>\n\t\t\t\t<section class=\"elementor-section elementor-top-section elementor-element elementor-element-3bc80b2 elementor-section-boxed elementor-section-height-default elementor-section-height-default\" data-id=\"3bc80b2\" data-element_type=\"section\">\n\t\t\t\t\t\t<div class=\"elementor-container elementor-column-gap-default\">\n\t\t\t\t\t<div class=\"elementor-column elementor-col-100 elementor-top-column elementor-element elementor-element-dbcc219\" data-id=\"dbcc219\" data-element_type=\"column\">\n\t\t\t<div class=\"elementor-widget-wrap elementor-element-populated\">\n\t\t\t\t\t\t<div class=\"elementor-element elementor-element-1371433 elementor-widget elementor-widget-image\" data-id=\"1371433\" data-element_type=\"widget\" data-widget_type=\"image.default\">\n\t\t\t\t<div class=\"elementor-widget-container\">\n\t\t\t\t\t\t\t\t\t\t\t\t\t\t\t\t<a href=\"https:\/\/faculdades.sp.senai.br\/curso\/77762\/engenharia-de-fundicao\" target=\"_blank\">\n\t\t\t\t\t\t\t<img loading=\"lazy\" decoding=\"async\" width=\"1654\" height=\"2340\" src=\"https:\/\/abifa.org.br\/site\/wp-content\/uploads\/2024\/06\/P3.jpg\" class=\"attachment-full size-full wp-image-17265\" alt=\"\" srcset=\"https:\/\/abifa.org.br\/site\/wp-content\/uploads\/2024\/06\/P3.jpg 1654w, https:\/\/abifa.org.br\/site\/wp-content\/uploads\/2024\/06\/P3-212x300.jpg 212w, https:\/\/abifa.org.br\/site\/wp-content\/uploads\/2024\/06\/P3-724x1024.jpg 724w, https:\/\/abifa.org.br\/site\/wp-content\/uploads\/2024\/06\/P3-768x1087.jpg 768w, https:\/\/abifa.org.br\/site\/wp-content\/uploads\/2024\/06\/P3-1086x1536.jpg 1086w, https:\/\/abifa.org.br\/site\/wp-content\/uploads\/2024\/06\/P3-1448x2048.jpg 1448w\" sizes=\"(max-width: 1654px) 100vw, 1654px\" \/>\t\t\t\t\t\t\t\t<\/a>\n\t\t\t\t\t\t\t\t\t\t\t\t\t\t\t<\/div>\n\t\t\t\t<\/div>\n\t\t\t\t\t<\/div>\n\t\t<\/div>\n\t\t\t\t\t<\/div>\n\t\t<\/section>\n\t\t\t\t<\/div>\n\t\t","protected":false},"excerpt":{"rendered":"","protected":false},"author":1,"featured_media":0,"parent":0,"menu_order":0,"comment_status":"closed","ping_status":"closed","template":"","meta":{"_acf_changed":false,"om_disable_all_campaigns":false,"_uf_show_specific_survey":0,"_uf_disable_surveys":false,"footnotes":""},"class_list":["post-17253","page","type-page","status-publish"],"acf":[],"yoast_head":"<!-- This site is optimized with the Yoast SEO Premium plugin v26.1 (Yoast SEO v26.1) - https:\/\/yoast.com\/wordpress\/plugins\/seo\/ -->\n<title>P\u00f3s-Gradua\u00e7\u00e3o Engenharia de Fundi\u00e7\u00e3o - ABIFA<\/title>\n<meta name=\"robots\" content=\"index, follow, max-snippet:-1, max-image-preview:large, max-video-preview:-1\" \/>\n<link rel=\"canonical\" href=\"https:\/\/abifa.org.br\/site\/pos-graduacao-engenharia-de-fundicao\/\" \/>\n<meta property=\"og:locale\" content=\"pt_BR\" \/>\n<meta property=\"og:type\" content=\"article\" \/>\n<meta property=\"og:title\" content=\"P\u00f3s-Gradua\u00e7\u00e3o Engenharia de Fundi\u00e7\u00e3o\" \/>\n<meta property=\"og:url\" content=\"https:\/\/abifa.org.br\/site\/pos-graduacao-engenharia-de-fundicao\/\" \/>\n<meta property=\"og:site_name\" content=\"ABIFA\" \/>\n<meta property=\"article:modified_time\" content=\"2024-06-11T11:52:25+00:00\" \/>\n<meta property=\"og:image\" content=\"https:\/\/abifa.org.br\/site\/wp-content\/uploads\/2024\/06\/capa.jpg\" \/>\n<meta name=\"twitter:card\" content=\"summary_large_image\" \/>\n<script type=\"application\/ld+json\" class=\"yoast-schema-graph\">{\"@context\":\"https:\/\/schema.org\",\"@graph\":[{\"@type\":\"WebPage\",\"@id\":\"https:\/\/abifa.org.br\/site\/pos-graduacao-engenharia-de-fundicao\/\",\"url\":\"https:\/\/abifa.org.br\/site\/pos-graduacao-engenharia-de-fundicao\/\",\"name\":\"P\u00f3s-Gradua\u00e7\u00e3o Engenharia de Fundi\u00e7\u00e3o - ABIFA\",\"isPartOf\":{\"@id\":\"https:\/\/abifa.org.br\/site\/#website\"},\"primaryImageOfPage\":{\"@id\":\"https:\/\/abifa.org.br\/site\/pos-graduacao-engenharia-de-fundicao\/#primaryimage\"},\"image\":{\"@id\":\"https:\/\/abifa.org.br\/site\/pos-graduacao-engenharia-de-fundicao\/#primaryimage\"},\"thumbnailUrl\":\"https:\/\/abifa.org.br\/site\/wp-content\/uploads\/2024\/06\/capa.jpg\",\"datePublished\":\"2024-06-11T11:37:21+00:00\",\"dateModified\":\"2024-06-11T11:52:25+00:00\",\"breadcrumb\":{\"@id\":\"https:\/\/abifa.org.br\/site\/pos-graduacao-engenharia-de-fundicao\/#breadcrumb\"},\"inLanguage\":\"pt-BR\",\"potentialAction\":[{\"@type\":\"ReadAction\",\"target\":[\"https:\/\/abifa.org.br\/site\/pos-graduacao-engenharia-de-fundicao\/\"]}]},{\"@type\":\"ImageObject\",\"inLanguage\":\"pt-BR\",\"@id\":\"https:\/\/abifa.org.br\/site\/pos-graduacao-engenharia-de-fundicao\/#primaryimage\",\"url\":\"https:\/\/abifa.org.br\/site\/wp-content\/uploads\/2024\/06\/capa.jpg\",\"contentUrl\":\"https:\/\/abifa.org.br\/site\/wp-content\/uploads\/2024\/06\/capa.jpg\",\"width\":1654,\"height\":2340},{\"@type\":\"BreadcrumbList\",\"@id\":\"https:\/\/abifa.org.br\/site\/pos-graduacao-engenharia-de-fundicao\/#breadcrumb\",\"itemListElement\":[{\"@type\":\"ListItem\",\"position\":1,\"name\":\"In\u00edcio\",\"item\":\"https:\/\/abifa.org.br\/site\/\"},{\"@type\":\"ListItem\",\"position\":2,\"name\":\"P\u00f3s-Gradua\u00e7\u00e3o Engenharia de Fundi\u00e7\u00e3o\"}]},{\"@type\":\"WebSite\",\"@id\":\"https:\/\/abifa.org.br\/site\/#website\",\"url\":\"https:\/\/abifa.org.br\/site\/\",\"name\":\"ABIFA\",\"description\":\"\",\"publisher\":{\"@id\":\"https:\/\/abifa.org.br\/site\/#organization\"},\"potentialAction\":[{\"@type\":\"SearchAction\",\"target\":{\"@type\":\"EntryPoint\",\"urlTemplate\":\"https:\/\/abifa.org.br\/site\/?s={search_term_string}\"},\"query-input\":{\"@type\":\"PropertyValueSpecification\",\"valueRequired\":true,\"valueName\":\"search_term_string\"}}],\"inLanguage\":\"pt-BR\"},{\"@type\":\"Organization\",\"@id\":\"https:\/\/abifa.org.br\/site\/#organization\",\"name\":\"ABIFA\",\"url\":\"https:\/\/abifa.org.br\/site\/\",\"logo\":{\"@type\":\"ImageObject\",\"inLanguage\":\"pt-BR\",\"@id\":\"https:\/\/abifa.org.br\/site\/#\/schema\/logo\/image\/\",\"url\":\"https:\/\/abifa.org.br\/site\/wp-content\/uploads\/2022\/11\/cropped-logo_abifa.png\",\"contentUrl\":\"https:\/\/abifa.org.br\/site\/wp-content\/uploads\/2022\/11\/cropped-logo_abifa.png\",\"width\":250,\"height\":116,\"caption\":\"ABIFA\"},\"image\":{\"@id\":\"https:\/\/abifa.org.br\/site\/#\/schema\/logo\/image\/\"}}]}<\/script>\n<!-- \/ Yoast SEO Premium plugin. -->","yoast_head_json":{"title":"P\u00f3s-Gradua\u00e7\u00e3o Engenharia de Fundi\u00e7\u00e3o - ABIFA","robots":{"index":"index","follow":"follow","max-snippet":"max-snippet:-1","max-image-preview":"max-image-preview:large","max-video-preview":"max-video-preview:-1"},"canonical":"https:\/\/abifa.org.br\/site\/pos-graduacao-engenharia-de-fundicao\/","og_locale":"pt_BR","og_type":"article","og_title":"P\u00f3s-Gradua\u00e7\u00e3o Engenharia de Fundi\u00e7\u00e3o","og_url":"https:\/\/abifa.org.br\/site\/pos-graduacao-engenharia-de-fundicao\/","og_site_name":"ABIFA","article_modified_time":"2024-06-11T11:52:25+00:00","og_image":[{"url":"https:\/\/abifa.org.br\/site\/wp-content\/uploads\/2024\/06\/capa.jpg","type":"","width":"","height":""}],"twitter_card":"summary_large_image","schema":{"@context":"https:\/\/schema.org","@graph":[{"@type":"WebPage","@id":"https:\/\/abifa.org.br\/site\/pos-graduacao-engenharia-de-fundicao\/","url":"https:\/\/abifa.org.br\/site\/pos-graduacao-engenharia-de-fundicao\/","name":"P\u00f3s-Gradua\u00e7\u00e3o Engenharia de Fundi\u00e7\u00e3o - ABIFA","isPartOf":{"@id":"https:\/\/abifa.org.br\/site\/#website"},"primaryImageOfPage":{"@id":"https:\/\/abifa.org.br\/site\/pos-graduacao-engenharia-de-fundicao\/#primaryimage"},"image":{"@id":"https:\/\/abifa.org.br\/site\/pos-graduacao-engenharia-de-fundicao\/#primaryimage"},"thumbnailUrl":"https:\/\/abifa.org.br\/site\/wp-content\/uploads\/2024\/06\/capa.jpg","datePublished":"2024-06-11T11:37:21+00:00","dateModified":"2024-06-11T11:52:25+00:00","breadcrumb":{"@id":"https:\/\/abifa.org.br\/site\/pos-graduacao-engenharia-de-fundicao\/#breadcrumb"},"inLanguage":"pt-BR","potentialAction":[{"@type":"ReadAction","target":["https:\/\/abifa.org.br\/site\/pos-graduacao-engenharia-de-fundicao\/"]}]},{"@type":"ImageObject","inLanguage":"pt-BR","@id":"https:\/\/abifa.org.br\/site\/pos-graduacao-engenharia-de-fundicao\/#primaryimage","url":"https:\/\/abifa.org.br\/site\/wp-content\/uploads\/2024\/06\/capa.jpg","contentUrl":"https:\/\/abifa.org.br\/site\/wp-content\/uploads\/2024\/06\/capa.jpg","width":1654,"height":2340},{"@type":"BreadcrumbList","@id":"https:\/\/abifa.org.br\/site\/pos-graduacao-engenharia-de-fundicao\/#breadcrumb","itemListElement":[{"@type":"ListItem","position":1,"name":"In\u00edcio","item":"https:\/\/abifa.org.br\/site\/"},{"@type":"ListItem","position":2,"name":"P\u00f3s-Gradua\u00e7\u00e3o Engenharia de Fundi\u00e7\u00e3o"}]},{"@type":"WebSite","@id":"https:\/\/abifa.org.br\/site\/#website","url":"https:\/\/abifa.org.br\/site\/","name":"ABIFA","description":"","publisher":{"@id":"https:\/\/abifa.org.br\/site\/#organization"},"potentialAction":[{"@type":"SearchAction","target":{"@type":"EntryPoint","urlTemplate":"https:\/\/abifa.org.br\/site\/?s={search_term_string}"},"query-input":{"@type":"PropertyValueSpecification","valueRequired":true,"valueName":"search_term_string"}}],"inLanguage":"pt-BR"},{"@type":"Organization","@id":"https:\/\/abifa.org.br\/site\/#organization","name":"ABIFA","url":"https:\/\/abifa.org.br\/site\/","logo":{"@type":"ImageObject","inLanguage":"pt-BR","@id":"https:\/\/abifa.org.br\/site\/#\/schema\/logo\/image\/","url":"https:\/\/abifa.org.br\/site\/wp-content\/uploads\/2022\/11\/cropped-logo_abifa.png","contentUrl":"https:\/\/abifa.org.br\/site\/wp-content\/uploads\/2022\/11\/cropped-logo_abifa.png","width":250,"height":116,"caption":"ABIFA"},"image":{"@id":"https:\/\/abifa.org.br\/site\/#\/schema\/logo\/image\/"}}]}},"_links":{"self":[{"href":"https:\/\/abifa.org.br\/site\/wp-json\/wp\/v2\/pages\/17253","targetHints":{"allow":["GET"]}}],"collection":[{"href":"https:\/\/abifa.org.br\/site\/wp-json\/wp\/v2\/pages"}],"about":[{"href":"https:\/\/abifa.org.br\/site\/wp-json\/wp\/v2\/types\/page"}],"author":[{"embeddable":true,"href":"https:\/\/abifa.org.br\/site\/wp-json\/wp\/v2\/users\/1"}],"replies":[{"embeddable":true,"href":"https:\/\/abifa.org.br\/site\/wp-json\/wp\/v2\/comments?post=17253"}],"version-history":[{"count":0,"href":"https:\/\/abifa.org.br\/site\/wp-json\/wp\/v2\/pages\/17253\/revisions"}],"wp:attachment":[{"href":"https:\/\/abifa.org.br\/site\/wp-json\/wp\/v2\/media?parent=17253"}],"curies":[{"name":"wp","href":"https:\/\/api.w.org\/{rel}","templated":true}]}}