{"id":18252,"date":"2024-07-23T10:13:50","date_gmt":"2024-07-23T13:13:50","guid":{"rendered":"https:\/\/abifa.org.br\/site\/?page_id=18252"},"modified":"2024-07-23T10:14:11","modified_gmt":"2024-07-23T13:14:11","slug":"teste-cemp","status":"publish","type":"page","link":"https:\/\/abifa.org.br\/site\/teste-cemp\/","title":{"rendered":"TESTE CEMP"},"content":{"rendered":"\t\t<div data-elementor-type=\"wp-page\" data-elementor-id=\"18252\" class=\"elementor elementor-18252\" data-elementor-post-type=\"page\">\n\t\t\t\t\t\t<section class=\"elementor-section elementor-top-section elementor-element elementor-element-66a798a elementor-section-boxed elementor-section-height-default elementor-section-height-default\" data-id=\"66a798a\" data-element_type=\"section\">\n\t\t\t\t\t\t<div class=\"elementor-container elementor-column-gap-default\">\n\t\t\t\t\t<div class=\"elementor-column elementor-col-100 elementor-top-column elementor-element elementor-element-3181517\" data-id=\"3181517\" data-element_type=\"column\">\n\t\t\t<div class=\"elementor-widget-wrap elementor-element-populated\">\n\t\t\t\t\t\t<div class=\"elementor-element elementor-element-271c610 elementor-widget elementor-widget-text-editor\" data-id=\"271c610\" data-element_type=\"widget\" data-widget_type=\"text-editor.default\">\n\t\t\t\t<div class=\"elementor-widget-container\">\n\t\t\t\t\t\t\t\t\t<table border=\"1\" width=\"100%\" cellspacing=\"0\" cellpadding=\"5\"><tbody><tr><td class=\"arial12\" align=\"center\" valign=\"top\" width=\"80\"><p align=\"center\"><strong>N\u00daMERO<\/strong><\/p><\/td><td class=\"arial12\" valign=\"top\"><p align=\"center\"><strong>DENOMINA\u00c7\u00c3O<\/strong><\/p><\/td><td class=\"arial12\" align=\"center\" valign=\"top\" width=\"75\"><p align=\"center\"><strong>REVIS\u00c3O<\/strong><\/p><\/td><\/tr><tr><td class=\"arial12\" align=\"center\" valign=\"top\" width=\"80\"><p>004<\/p><\/td><td class=\"arial12\" valign=\"top\"><p><a href=\"http:\/\/www.tecnofund.com.br\/cemp\/normas\/004.pdf\" target=\"_blank\" rel=\"noopener\">COLA PARA FUNDI\u00c7\u00c3O \u2013 DETERMINA\u00c7\u00c3O DO TEMPO DE ESCOAMENTO<\/a><\/p><\/td><td class=\"arial12\" align=\"center\" valign=\"top\" width=\"75\"><p>NOV\/2015<\/p><\/td><\/tr><tr><td class=\"arial12\" align=\"center\" valign=\"top\" width=\"80\"><p>008<\/p><\/td><td class=\"arial12\" valign=\"top\"><p><a href=\"http:\/\/www.tecnofund.com.br\/cemp\/normas\/008.pdf\" target=\"_blank\" rel=\"noopener\">COLA PARA FUNDI\u00c7\u00c3O \u2013 DETERMINA\u00c7\u00c3O DA RESIST\u00caNCIA \u00c0 TRA\u00c7\u00c3O IMEDIATA DE CORPOS DE PROVA COLADOS AO AR<\/a><\/p><\/td><td class=\"arial12\" align=\"center\" valign=\"top\" width=\"75\"><p>NOV\/2015<\/p><\/td><\/tr><tr><td class=\"arial12\" align=\"center\" valign=\"top\" width=\"80\"><p>009<\/p><\/td><td class=\"arial12\" valign=\"top\"><p><a href=\"http:\/\/www.tecnofund.com.br\/cemp\/normas\/009.pdf\" target=\"_blank\" rel=\"noopener\">COLA PARA FUNDI\u00c7\u00c3O \u2013 DETERMINA\u00c7\u00c3O DA RESIST\u00caNCIA \u00c0 TRA\u00c7\u00c3O AP\u00d3S C\u00c2MARA \u00daMIDA DE CORPOS DE PROVA COLADOS AO AR<\/a><\/p><\/td><td class=\"arial12\" align=\"center\" valign=\"top\" width=\"75\"><p>NOV\/2015<\/p><\/td><\/tr><tr><td class=\"arial12\" align=\"center\" valign=\"top\" width=\"80\"><p>010<\/p><\/td><td class=\"arial12\" valign=\"top\"><p><a href=\"http:\/\/www.tecnofund.com.br\/cemp\/normas\/010.pdf\" target=\"_blank\" rel=\"noopener\">COLA PARA FUNDI\u00c7\u00c3O \u2013 DETERMINA\u00c7\u00c3O DO TEMPO DE FORMA\u00c7\u00c3O DE PEL\u00cdCULA<\/a><\/p><\/td><td class=\"arial12\" align=\"center\" valign=\"top\" width=\"75\"><p>NOV\/2015<\/p><\/td><\/tr><tr><td class=\"arial12\" align=\"center\" valign=\"top\" width=\"80\"><p>016<\/p><\/td><td class=\"arial12\" valign=\"top\"><p><a href=\"http:\/\/www.tecnofund.com.br\/cemp\/normas\/016.pdf\" target=\"_blank\" rel=\"noopener\">RESINA CAIXA QUENTE PARA FUNDI\u00c7\u00c3O \u2013 DETERMINA\u00c7\u00c3O DA RESIST\u00caNCIA A TRA\u00c7\u00c3O A QUENTE DA MISTURA PADR\u00c3O<\/a><\/p><\/td><td class=\"arial12\" align=\"center\" valign=\"top\" width=\"75\"><p>NOV\/2015<\/p><\/td><\/tr><tr><td class=\"arial12\" align=\"center\" valign=\"top\" width=\"80\"><p>017<\/p><\/td><td class=\"arial12\" valign=\"top\"><p><a href=\"http:\/\/www.tecnofund.com.br\/cemp\/normas\/017.pdf\" target=\"_blank\" rel=\"noopener\">RESINA CAIXA QUENTE PARA FUNDI\u00c7\u00c3O \u2013 DETERMINA\u00c7\u00c3O DA RESIST\u00caNCIA \u00c0 TRA\u00c7\u00c3O A FRIO DA MISTURA PADR\u00c3O<\/a><\/p><\/td><td class=\"arial12\" align=\"center\" valign=\"top\" width=\"75\"><p>NOV\/2015<\/p><\/td><\/tr><tr><td class=\"arial12\" align=\"center\" valign=\"top\" width=\"80\"><p>018<\/p><\/td><td class=\"arial12\" valign=\"top\"><p><a href=\"http:\/\/www.tecnofund.com.br\/cemp\/normas\/018.pdf\" target=\"_blank\" rel=\"noopener\">RESINA CAIXA QUENTE PARA FUNDI\u00c7\u00c3O \u2013 DETERMINA\u00c7\u00c3O DA RESIST\u00caNCIA \u00c0 TRA\u00c7\u00c3O AP\u00d3S C\u00c2MARA \u00daMIDA E ESTUFA<\/a><\/p><\/td><td class=\"arial12\" align=\"center\" valign=\"top\" width=\"75\"><p>NOV\/2015<\/p><\/td><\/tr><tr><td class=\"arial12\" align=\"center\" valign=\"top\" width=\"80\"><p>021<\/p><\/td><td class=\"arial12\" valign=\"top\"><p><a href=\"http:\/\/www.tecnofund.com.br\/cemp\/normas\/021.pdf\" target=\"_blank\" rel=\"noopener\">RESINA CAIXA QUENTE PARA FUNDI\u00c7\u00c3O \u2013 DETERMINA\u00c7\u00c3O DO TEMPO DE VIDA \u00daTIL PELO M\u00c9TODO DA MOLDABILIDADE DA MISTURA PADR\u00c3O<\/a><\/p><\/td><td class=\"arial12\" align=\"center\" valign=\"top\" width=\"75\"><p>NOV\/2015<\/p><\/td><\/tr><tr><td class=\"arial12\" align=\"center\" valign=\"top\" width=\"80\"><p>023<\/p><\/td><td class=\"arial12\" valign=\"top\"><p><a href=\"http:\/\/www.tecnofund.com.br\/cemp\/normas\/023.pdf\" target=\"_blank\" rel=\"noopener\">RESINA FEN\u00d3LICA PARA O PROCESSO DE AREIA COBERTA PARA FUNDI\u00c7\u00c3O &#8211; PREPARA\u00c7\u00c3O DA MISTURA PADR\u00c3O COM RESINA L\u00cdQUIDA OU EM ESCAMA<\/a><\/p><\/td><td class=\"arial12\" align=\"center\" valign=\"top\" width=\"75\"><p>NOV\/2015<\/p><\/td><\/tr><tr><td class=\"arial12\" align=\"center\" valign=\"top\" width=\"80\"><p>024<\/p><\/td><td class=\"arial12\" valign=\"top\"><p><a href=\"http:\/\/www.tecnofund.com.br\/cemp\/normas\/024.pdf\" target=\"_blank\" rel=\"noopener\">RESINA FEN\u00d3LICA PARA O PROCESSO DE AREIA COBERTA PARA FUNDI\u00c7\u00c3O &#8211; PREPARA\u00c7\u00c3O DA MISTURA PADR\u00c3O COM RESINA EM P\u00d3<\/a><\/p><\/td><td class=\"arial12\" align=\"center\" valign=\"top\" width=\"75\"><p>NOV\/2015<\/p><\/td><\/tr><tr><td class=\"arial12\" align=\"center\" valign=\"top\" width=\"80\"><p>027<\/p><\/td><td class=\"arial12\" valign=\"top\"><p><a href=\"http:\/\/www.tecnofund.com.br\/cemp\/normas\/027.pdf\" target=\"_blank\" rel=\"noopener\">RESINA FEN\u00d3LICA PARA O PROCESSO DE AREIA COBERTA PARA FUNDI\u00c7\u00c3O \u2013 DETERMINA\u00c7\u00c3O DA RESIST\u00caNCIA \u00c0 TRA\u00c7\u00c3O A QUENTE DA MISTURA PADR\u00c3O<\/a><\/p><\/td><td class=\"arial12\" align=\"center\" valign=\"top\" width=\"75\"><p>NOV\/2015<\/p><\/td><\/tr><tr><td class=\"arial12\" align=\"center\" valign=\"top\" width=\"80\"><p>028<\/p><\/td><td class=\"arial12\" valign=\"top\"><p><a href=\"http:\/\/www.tecnofund.com.br\/cemp\/normas\/028.pdf\" target=\"_blank\" rel=\"noopener\">RESINA FEN\u00d3LICA PARA O PROCESSO DE AREIA COBERTA PARA FUNDI\u00c7\u00c3O \u2013 DETERMINA\u00c7\u00c3O DA RESIST\u00caNCIA \u00c0 TRA\u00c7\u00c3O A FRIO DA MISTURA PADR\u00c3O<\/a><\/p><\/td><td class=\"arial12\" align=\"center\" valign=\"top\" width=\"75\"><p>NOV\/2015<\/p><\/td><\/tr><tr><td class=\"arial12\" align=\"center\" valign=\"top\" width=\"80\"><p>029<\/p><\/td><td class=\"arial12\" valign=\"top\"><p><a href=\"http:\/\/www.tecnofund.com.br\/cemp\/normas\/029.pdf\" target=\"_blank\" rel=\"noopener\">RESINA FEN\u00d3LICA PARA O PROCESSO DE AREIA COBERTA PARA FUNDI\u00c7\u00c3O \u2013 DETERMINA\u00c7\u00c3O DA RESIST\u00caNCIA \u00c0 FLEX\u00c3O A FRIO DA MISTURA PADR\u00c3O<\/a><\/p><\/td><td class=\"arial12\" align=\"center\" valign=\"top\" width=\"75\"><p>NOV\/2015<\/p><\/td><\/tr><tr><td class=\"arial12\" align=\"center\" valign=\"top\" width=\"80\"><p>036<\/p><\/td><td class=\"arial12\" valign=\"top\"><p><a href=\"http:\/\/www.tecnofund.com.br\/cemp\/normas\/036.pdf\" target=\"_blank\" rel=\"noopener\">RESINA CURA A FRIO PARA FUNDI\u00c7\u00c3O \u2013 DETERMINA\u00c7\u00c3O DA VIDA \u00daTIL PELO M\u00c9TODO DA COMPACTABILIDADE DA MISTURA PADR\u00c3O<\/a><\/p><\/td><td class=\"arial12\" align=\"center\" valign=\"top\" width=\"75\"><p>NOV\/2015<\/p><\/td><\/tr><tr><td class=\"arial12\" align=\"center\" valign=\"top\" width=\"80\"><p>041<\/p><\/td><td class=\"arial12\" valign=\"top\"><p><a href=\"http:\/\/www.tecnofund.com.br\/cemp\/normas\/041.pdf\" target=\"_blank\" rel=\"noopener\">RESINA FEN\u00d3LICA PARA FUNDI\u00c7\u00c3O \u2013 DETERMINA\u00c7\u00c3O DO TEOR DE FORMOL LIVRE<\/a><\/p><\/td><td class=\"arial12\" align=\"center\" valign=\"top\" width=\"75\"><p>NOV\/2015<\/p><\/td><\/tr><tr><td class=\"arial12\" align=\"center\" valign=\"top\" width=\"80\"><p>048<\/p><\/td><td class=\"arial12\" valign=\"top\"><p><a href=\"http:\/\/www.tecnofund.com.br\/cemp\/normas\/048.pdf\" target=\"_blank\" rel=\"noopener\">RESINA FEN\u00d3LICA PARA FUNDI\u00c7\u00c3O \u2013 DETERMINA\u00c7\u00c3O DE NITROG\u00caNIO TOTAL DA RESINA E DO CATALISADOR<\/a><\/p><\/td><td class=\"arial12\" align=\"center\" valign=\"top\" width=\"75\"><p>NOV\/2015<\/p><\/td><\/tr><tr><td class=\"arial12\" align=\"center\" valign=\"top\" width=\"80\"><p>051<\/p><\/td><td class=\"arial12\" valign=\"top\"><p><a href=\"http:\/\/www.tecnofund.com.br\/cemp\/normas\/051.pdf\" target=\"_blank\" rel=\"noopener\">RESINA CURA A FRIO PARA FUNDI\u00c7\u00c3O \u2013 DETERMINA\u00c7\u00c3O DO TEOR DE \u00c1CIDO SULF\u00daRICO LIVRE NO CATALISADOR<\/a><\/p><\/td><td class=\"arial12\" align=\"center\" valign=\"top\" width=\"75\"><p>NOV\/2015<\/p><\/td><\/tr><tr><td class=\"arial12\" align=\"center\" valign=\"top\" width=\"80\"><p>053<\/p><\/td><td class=\"arial12\" valign=\"top\"><p><a href=\"http:\/\/www.tecnofund.com.br\/cemp\/normas\/053.pdf\" target=\"_blank\" rel=\"noopener\">RESINA CURA A FRIO PARA FUNDI\u00c7\u00c3O \u2013 DETERMINA\u00c7\u00c3O DO TEOR DE \u00c1CIDO FOSF\u00d3RICO NO CATALISADOR PELO M\u00c9TODO DE TITULA\u00c7\u00c3O<\/a><\/p><\/td><td class=\"arial12\" align=\"center\" valign=\"top\" width=\"75\"><p>NOV\/2015<\/p><\/td><\/tr><tr><td class=\"arial12\" align=\"center\" valign=\"top\" width=\"80\"><p>055<\/p><\/td><td class=\"arial12\" valign=\"top\"><p><a href=\"http:\/\/www.tecnofund.com.br\/cemp\/normas\/055.pdf\" target=\"_blank\" rel=\"noopener\">TINTA PARA FUNDI\u00c7\u00c3O \u2013 DETERMINA\u00c7\u00c3O DA ABSOR\u00c7\u00c3O DE UMIDADE NOS S\u00d3LIDOS AP\u00d3S PERMAN\u00caNCIA EM C\u00c2MARA \u00daMIDA POR 24 HORAS<\/a><\/p><\/td><td class=\"arial12\" align=\"center\" valign=\"top\" width=\"75\"><p>NOV\/2015<\/p><\/td><\/tr><tr><td class=\"arial12\" align=\"center\" valign=\"top\" width=\"80\"><p>057<\/p><\/td><td class=\"arial12\" valign=\"top\"><p><a href=\"http:\/\/www.tecnofund.com.br\/cemp\/normas\/057.pdf\" target=\"_blank\" rel=\"noopener\">BENTONITA PARA FUNDI\u00c7\u00c3O \u2013 DETERMINA\u00c7\u00c3O DO TEOR DE CARBONATO PELO M\u00c9TODO GASOM\u00c9TRICO<\/a><\/p><\/td><td class=\"arial12\" align=\"center\" valign=\"top\" width=\"75\"><p>NOV\/2015<\/p><\/td><\/tr><\/tbody><\/table>\t\t\t\t\t\t\t\t<\/div>\n\t\t\t\t<\/div>\n\t\t\t\t\t<\/div>\n\t\t<\/div>\n\t\t\t\t\t<\/div>\n\t\t<\/section>\n\t\t\t\t<\/div>\n\t\t","protected":false},"excerpt":{"rendered":"<p>N\u00daMERO DENOMINA\u00c7\u00c3O REVIS\u00c3O 004 COLA PARA FUNDI\u00c7\u00c3O \u2013 DETERMINA\u00c7\u00c3O DO&hellip;<\/p>\n<p> <a class=\"more-link\" href=\"https:\/\/abifa.org.br\/site\/teste-cemp\/\">Leia mais<\/a><\/p>\n","protected":false},"author":1,"featured_media":0,"parent":0,"menu_order":0,"comment_status":"closed","ping_status":"closed","template":"","meta":{"_acf_changed":false,"om_disable_all_campaigns":false,"_uf_show_specific_survey":0,"_uf_disable_surveys":false,"footnotes":""},"class_list":["post-18252","page","type-page","status-publish"],"acf":[],"yoast_head":"<!-- This site is optimized with the Yoast SEO Premium plugin v26.1 (Yoast SEO v26.1) - https:\/\/yoast.com\/wordpress\/plugins\/seo\/ -->\n<title>TESTE CEMP - ABIFA<\/title>\n<meta name=\"robots\" content=\"index, follow, max-snippet:-1, max-image-preview:large, max-video-preview:-1\" \/>\n<link rel=\"canonical\" href=\"https:\/\/abifa.org.br\/site\/teste-cemp\/\" \/>\n<meta property=\"og:locale\" content=\"pt_BR\" \/>\n<meta property=\"og:type\" content=\"article\" \/>\n<meta property=\"og:title\" content=\"TESTE CEMP\" \/>\n<meta property=\"og:description\" content=\"N\u00daMERO DENOMINA\u00c7\u00c3O REVIS\u00c3O 004 COLA PARA FUNDI\u00c7\u00c3O \u2013 DETERMINA\u00c7\u00c3O DO&hellip;  Leia mais\" \/>\n<meta property=\"og:url\" content=\"https:\/\/abifa.org.br\/site\/teste-cemp\/\" \/>\n<meta property=\"og:site_name\" content=\"ABIFA\" \/>\n<meta property=\"article:modified_time\" content=\"2024-07-23T13:14:11+00:00\" \/>\n<meta name=\"twitter:card\" content=\"summary_large_image\" \/>\n<meta name=\"twitter:label1\" content=\"Est. tempo de leitura\" \/>\n\t<meta name=\"twitter:data1\" content=\"2 minutos\" \/>\n<script type=\"application\/ld+json\" class=\"yoast-schema-graph\">{\"@context\":\"https:\/\/schema.org\",\"@graph\":[{\"@type\":\"WebPage\",\"@id\":\"https:\/\/abifa.org.br\/site\/teste-cemp\/\",\"url\":\"https:\/\/abifa.org.br\/site\/teste-cemp\/\",\"name\":\"TESTE CEMP - ABIFA\",\"isPartOf\":{\"@id\":\"https:\/\/abifa.org.br\/site\/#website\"},\"datePublished\":\"2024-07-23T13:13:50+00:00\",\"dateModified\":\"2024-07-23T13:14:11+00:00\",\"breadcrumb\":{\"@id\":\"https:\/\/abifa.org.br\/site\/teste-cemp\/#breadcrumb\"},\"inLanguage\":\"pt-BR\",\"potentialAction\":[{\"@type\":\"ReadAction\",\"target\":[\"https:\/\/abifa.org.br\/site\/teste-cemp\/\"]}]},{\"@type\":\"BreadcrumbList\",\"@id\":\"https:\/\/abifa.org.br\/site\/teste-cemp\/#breadcrumb\",\"itemListElement\":[{\"@type\":\"ListItem\",\"position\":1,\"name\":\"In\u00edcio\",\"item\":\"https:\/\/abifa.org.br\/site\/\"},{\"@type\":\"ListItem\",\"position\":2,\"name\":\"TESTE CEMP\"}]},{\"@type\":\"WebSite\",\"@id\":\"https:\/\/abifa.org.br\/site\/#website\",\"url\":\"https:\/\/abifa.org.br\/site\/\",\"name\":\"ABIFA\",\"description\":\"\",\"publisher\":{\"@id\":\"https:\/\/abifa.org.br\/site\/#organization\"},\"potentialAction\":[{\"@type\":\"SearchAction\",\"target\":{\"@type\":\"EntryPoint\",\"urlTemplate\":\"https:\/\/abifa.org.br\/site\/?s={search_term_string}\"},\"query-input\":{\"@type\":\"PropertyValueSpecification\",\"valueRequired\":true,\"valueName\":\"search_term_string\"}}],\"inLanguage\":\"pt-BR\"},{\"@type\":\"Organization\",\"@id\":\"https:\/\/abifa.org.br\/site\/#organization\",\"name\":\"ABIFA\",\"url\":\"https:\/\/abifa.org.br\/site\/\",\"logo\":{\"@type\":\"ImageObject\",\"inLanguage\":\"pt-BR\",\"@id\":\"https:\/\/abifa.org.br\/site\/#\/schema\/logo\/image\/\",\"url\":\"https:\/\/abifa.org.br\/site\/wp-content\/uploads\/2022\/11\/cropped-logo_abifa.png\",\"contentUrl\":\"https:\/\/abifa.org.br\/site\/wp-content\/uploads\/2022\/11\/cropped-logo_abifa.png\",\"width\":250,\"height\":116,\"caption\":\"ABIFA\"},\"image\":{\"@id\":\"https:\/\/abifa.org.br\/site\/#\/schema\/logo\/image\/\"}}]}<\/script>\n<!-- \/ Yoast SEO Premium plugin. -->","yoast_head_json":{"title":"TESTE CEMP - ABIFA","robots":{"index":"index","follow":"follow","max-snippet":"max-snippet:-1","max-image-preview":"max-image-preview:large","max-video-preview":"max-video-preview:-1"},"canonical":"https:\/\/abifa.org.br\/site\/teste-cemp\/","og_locale":"pt_BR","og_type":"article","og_title":"TESTE CEMP","og_description":"N\u00daMERO DENOMINA\u00c7\u00c3O REVIS\u00c3O 004 COLA PARA FUNDI\u00c7\u00c3O \u2013 DETERMINA\u00c7\u00c3O DO&hellip;  Leia mais","og_url":"https:\/\/abifa.org.br\/site\/teste-cemp\/","og_site_name":"ABIFA","article_modified_time":"2024-07-23T13:14:11+00:00","twitter_card":"summary_large_image","twitter_misc":{"Est. tempo de leitura":"2 minutos"},"schema":{"@context":"https:\/\/schema.org","@graph":[{"@type":"WebPage","@id":"https:\/\/abifa.org.br\/site\/teste-cemp\/","url":"https:\/\/abifa.org.br\/site\/teste-cemp\/","name":"TESTE CEMP - ABIFA","isPartOf":{"@id":"https:\/\/abifa.org.br\/site\/#website"},"datePublished":"2024-07-23T13:13:50+00:00","dateModified":"2024-07-23T13:14:11+00:00","breadcrumb":{"@id":"https:\/\/abifa.org.br\/site\/teste-cemp\/#breadcrumb"},"inLanguage":"pt-BR","potentialAction":[{"@type":"ReadAction","target":["https:\/\/abifa.org.br\/site\/teste-cemp\/"]}]},{"@type":"BreadcrumbList","@id":"https:\/\/abifa.org.br\/site\/teste-cemp\/#breadcrumb","itemListElement":[{"@type":"ListItem","position":1,"name":"In\u00edcio","item":"https:\/\/abifa.org.br\/site\/"},{"@type":"ListItem","position":2,"name":"TESTE CEMP"}]},{"@type":"WebSite","@id":"https:\/\/abifa.org.br\/site\/#website","url":"https:\/\/abifa.org.br\/site\/","name":"ABIFA","description":"","publisher":{"@id":"https:\/\/abifa.org.br\/site\/#organization"},"potentialAction":[{"@type":"SearchAction","target":{"@type":"EntryPoint","urlTemplate":"https:\/\/abifa.org.br\/site\/?s={search_term_string}"},"query-input":{"@type":"PropertyValueSpecification","valueRequired":true,"valueName":"search_term_string"}}],"inLanguage":"pt-BR"},{"@type":"Organization","@id":"https:\/\/abifa.org.br\/site\/#organization","name":"ABIFA","url":"https:\/\/abifa.org.br\/site\/","logo":{"@type":"ImageObject","inLanguage":"pt-BR","@id":"https:\/\/abifa.org.br\/site\/#\/schema\/logo\/image\/","url":"https:\/\/abifa.org.br\/site\/wp-content\/uploads\/2022\/11\/cropped-logo_abifa.png","contentUrl":"https:\/\/abifa.org.br\/site\/wp-content\/uploads\/2022\/11\/cropped-logo_abifa.png","width":250,"height":116,"caption":"ABIFA"},"image":{"@id":"https:\/\/abifa.org.br\/site\/#\/schema\/logo\/image\/"}}]}},"_links":{"self":[{"href":"https:\/\/abifa.org.br\/site\/wp-json\/wp\/v2\/pages\/18252","targetHints":{"allow":["GET"]}}],"collection":[{"href":"https:\/\/abifa.org.br\/site\/wp-json\/wp\/v2\/pages"}],"about":[{"href":"https:\/\/abifa.org.br\/site\/wp-json\/wp\/v2\/types\/page"}],"author":[{"embeddable":true,"href":"https:\/\/abifa.org.br\/site\/wp-json\/wp\/v2\/users\/1"}],"replies":[{"embeddable":true,"href":"https:\/\/abifa.org.br\/site\/wp-json\/wp\/v2\/comments?post=18252"}],"version-history":[{"count":0,"href":"https:\/\/abifa.org.br\/site\/wp-json\/wp\/v2\/pages\/18252\/revisions"}],"wp:attachment":[{"href":"https:\/\/abifa.org.br\/site\/wp-json\/wp\/v2\/media?parent=18252"}],"curies":[{"name":"wp","href":"https:\/\/api.w.org\/{rel}","templated":true}]}}